{"id":1685,"date":"2023-01-26T10:29:27","date_gmt":"2023-01-26T09:29:27","guid":{"rendered":"https:\/\/www.camping-lechampneuf.com\/aktivitaeten-animationen\/"},"modified":"2023-01-26T16:05:28","modified_gmt":"2023-01-26T15:05:28","slug":"aktivitaeten-animationen","status":"publish","type":"page","link":"https:\/\/www.camping-lechampneuf.com\/de\/aktivitaeten-animationen\/","title":{"rendered":"Aktivit\u00e4ten &amp; Animationen"},"content":{"rendered":"\n<div class=\"wp-block-cover alignfull is-light banniere-logo deco--vague\"><span aria-hidden=\"true\" class=\"has-background-dim-0 wp-block-cover__gradient-background has-background-dim\"><\/span><img width=\"1920\" height=\"1080\" class=\"wp-block-cover__image-background wp-image-1007\" alt=\"\" src=\"https:\/\/www.camping-lechampneuf.com\/wp-content\/uploads\/2023\/01\/vlcsnap-2017-12-13-12h19m06s806.jpg\" style=\"object-position:49% 26%\" data-object-fit=\"cover\" data-object-position=\"49% 26%\" srcset=\"https:\/\/www.camping-lechampneuf.com\/wp-content\/uploads\/2023\/01\/vlcsnap-2017-12-13-12h19m06s806.jpg 1920w, https:\/\/www.camping-lechampneuf.com\/wp-content\/uploads\/2023\/01\/vlcsnap-2017-12-13-12h19m06s806-300x169.jpg 300w, https:\/\/www.camping-lechampneuf.com\/wp-content\/uploads\/2023\/01\/vlcsnap-2017-12-13-12h19m06s806-1024x576.jpg 1024w, https:\/\/www.camping-lechampneuf.com\/wp-content\/uploads\/2023\/01\/vlcsnap-2017-12-13-12h19m06s806-768x432.jpg 768w, https:\/\/www.camping-lechampneuf.com\/wp-content\/uploads\/2023\/01\/vlcsnap-2017-12-13-12h19m06s806-1536x864.jpg 1536w\" sizes=\"(max-width: 1920px) 100vw, 1920px\" \/><div class=\"wp-block-cover__inner-container\">\n<p class=\"has-text-align-center has-large-font-size\"><\/p>\n<\/div><\/div>\n\n<div class=\"wp-block-columns B-20\">\n<div class=\"wp-block-column\">\n<h1 id=\"des-activites-pour-toute-la-famille-dans-votre-camping-en-baie-de-somme-1\"><em>Aktivit\u00e4ten<\/em> f\u00fcr die ganze Familie auf Ihrem Campingplatz in der Baie de Somme<\/h1>\n\n\n\n<p>Wenn Sie nicht gerade die <a href=\"https:\/\/www.camping-lechampneuf.com\/de\/umgebung\/\" data-type=\"page\" data-id=\"1091\">Somme-Bucht er<\/a>kunden, k\u00f6nnen Sie auf dem Campingplatz Le Champ Neuf dank seiner zahlreichen Freizeiteinrichtungen angenehme Momente mit der Familie oder mit Freunden verbringen. Was auch immer Sie w\u00e4hrend Ihres Aufenthalts auf unserem <strong>Campingplatz in der Baie de Somme<\/strong> w\u00fcnschen, Sie werden vor Ort eine <strong>Vielzahl von Aktivit\u00e4ten<\/strong> vorfinden, die Ihren <strong>Aufenthalt in Saint Quentin en Tourmont unvergesslich<\/strong> machen werden.<\/p>\n\n\n\n<ul class=\"pictos col-3\"><li><i class=\"fa-light fa-person-sledding\"><\/i>  Rutsche<\/li><li><i class=\"fa-light fa-futbol\"><\/i>  Tischfu\u00dfball<\/li><li><i class=\"fa-light fa-castle\"><\/i>  Aufblasbare Burgen<\/li><li><i class=\"fa-light fa-game-console-handheld\"><\/i>  Spielplatz<\/li><li><i class=\"fa-light fa-pool-8-ball\"><\/i>  Billard<\/li><li><i class=\"fa-light fa-moon\"><\/i>  N\u00e4chtliche Abende<\/li><\/ul>\n\n\n<div class=\"wp-container-69de2a9ac8dc2 wp-block-buttons\">\n<div class=\"wp-block-button\"><a class=\"wp-block-button__link\" href=\"https:\/\/www.camping-lechampneuf.com\/de\/dienste\/\"><i class=\"fa-light fa-arrow-right\"><\/i>  Dienstleistungen ansehen<\/a><\/div>\n<\/div>\n<\/div>\n\n\n\n<div class=\"wp-block-column is-vertically-aligned-center\" style=\"flex-basis:60%\">\n<figure class=\"wp-block-gallery has-nested-images columns-default is-cropped diaporama--2\">\n<figure class=\"wp-block-image size-full\"><img width=\"1920\" height=\"1080\" src=\"https:\/\/www.camping-lechampneuf.com\/wp-content\/uploads\/2023\/01\/velos.jpg\" alt=\"\" class=\"wp-image-598\" srcset=\"https:\/\/www.camping-lechampneuf.com\/wp-content\/uploads\/2023\/01\/velos.jpg 1920w, https:\/\/www.camping-lechampneuf.com\/wp-content\/uploads\/2023\/01\/velos-300x169.jpg 300w, https:\/\/www.camping-lechampneuf.com\/wp-content\/uploads\/2023\/01\/velos-1024x576.jpg 1024w, https:\/\/www.camping-lechampneuf.com\/wp-content\/uploads\/2023\/01\/velos-768x432.jpg 768w, https:\/\/www.camping-lechampneuf.com\/wp-content\/uploads\/2023\/01\/velos-1536x864.jpg 1536w\" sizes=\"(max-width: 1920px) 100vw, 1920px\" \/><\/figure>\n\n\n<figure class=\"wp-block-image size-full\"><img width=\"1920\" height=\"1080\" src=\"https:\/\/www.camping-lechampneuf.com\/wp-content\/uploads\/2023\/01\/vlcsnap-2017-12-13-13h24m49s125.jpg\" alt=\"\" class=\"wp-image-606\" srcset=\"https:\/\/www.camping-lechampneuf.com\/wp-content\/uploads\/2023\/01\/vlcsnap-2017-12-13-13h24m49s125.jpg 1920w, https:\/\/www.camping-lechampneuf.com\/wp-content\/uploads\/2023\/01\/vlcsnap-2017-12-13-13h24m49s125-300x169.jpg 300w, https:\/\/www.camping-lechampneuf.com\/wp-content\/uploads\/2023\/01\/vlcsnap-2017-12-13-13h24m49s125-1024x576.jpg 1024w, https:\/\/www.camping-lechampneuf.com\/wp-content\/uploads\/2023\/01\/vlcsnap-2017-12-13-13h24m49s125-768x432.jpg 768w, https:\/\/www.camping-lechampneuf.com\/wp-content\/uploads\/2023\/01\/vlcsnap-2017-12-13-13h24m49s125-1536x864.jpg 1536w\" sizes=\"(max-width: 1920px) 100vw, 1920px\" \/><\/figure>\n\n\n<figure class=\"wp-block-image size-full\"><img width=\"1920\" height=\"1080\" src=\"https:\/\/www.camping-lechampneuf.com\/wp-content\/uploads\/2023\/01\/vlcsnap-2017-12-13-13h25m22s192.jpg\" alt=\"\" class=\"wp-image-602\" srcset=\"https:\/\/www.camping-lechampneuf.com\/wp-content\/uploads\/2023\/01\/vlcsnap-2017-12-13-13h25m22s192.jpg 1920w, https:\/\/www.camping-lechampneuf.com\/wp-content\/uploads\/2023\/01\/vlcsnap-2017-12-13-13h25m22s192-300x169.jpg 300w, https:\/\/www.camping-lechampneuf.com\/wp-content\/uploads\/2023\/01\/vlcsnap-2017-12-13-13h25m22s192-1024x576.jpg 1024w, https:\/\/www.camping-lechampneuf.com\/wp-content\/uploads\/2023\/01\/vlcsnap-2017-12-13-13h25m22s192-768x432.jpg 768w, https:\/\/www.camping-lechampneuf.com\/wp-content\/uploads\/2023\/01\/vlcsnap-2017-12-13-13h25m22s192-1536x864.jpg 1536w\" sizes=\"(max-width: 1920px) 100vw, 1920px\" \/><\/figure>\n\n\n<figure class=\"wp-block-image size-large\"><img width=\"1024\" height=\"576\" src=\"https:\/\/www.camping-lechampneuf.com\/wp-content\/uploads\/2023\/01\/billard-babyfoot-1024x576.jpg\" alt=\"\" class=\"wp-image-742\" srcset=\"https:\/\/www.camping-lechampneuf.com\/wp-content\/uploads\/2023\/01\/billard-babyfoot-1024x576.jpg 1024w, https:\/\/www.camping-lechampneuf.com\/wp-content\/uploads\/2023\/01\/billard-babyfoot-300x169.jpg 300w, https:\/\/www.camping-lechampneuf.com\/wp-content\/uploads\/2023\/01\/billard-babyfoot-768x432.jpg 768w, https:\/\/www.camping-lechampneuf.com\/wp-content\/uploads\/2023\/01\/billard-babyfoot-1536x864.jpg 1536w, https:\/\/www.camping-lechampneuf.com\/wp-content\/uploads\/2023\/01\/billard-babyfoot.jpg 1920w\" sizes=\"(max-width: 1024px) 100vw, 1024px\" \/><\/figure>\n\n\n<figure class=\"wp-block-image size-large\"><img width=\"1024\" height=\"576\" src=\"https:\/\/www.camping-lechampneuf.com\/wp-content\/uploads\/2023\/01\/vlcsnap-2017-12-13-13h23m49s763-1024x576.jpg\" alt=\"\" class=\"wp-image-746\" srcset=\"https:\/\/www.camping-lechampneuf.com\/wp-content\/uploads\/2023\/01\/vlcsnap-2017-12-13-13h23m49s763-1024x576.jpg 1024w, https:\/\/www.camping-lechampneuf.com\/wp-content\/uploads\/2023\/01\/vlcsnap-2017-12-13-13h23m49s763-300x169.jpg 300w, https:\/\/www.camping-lechampneuf.com\/wp-content\/uploads\/2023\/01\/vlcsnap-2017-12-13-13h23m49s763-768x432.jpg 768w, https:\/\/www.camping-lechampneuf.com\/wp-content\/uploads\/2023\/01\/vlcsnap-2017-12-13-13h23m49s763-1536x864.jpg 1536w, https:\/\/www.camping-lechampneuf.com\/wp-content\/uploads\/2023\/01\/vlcsnap-2017-12-13-13h23m49s763.jpg 1920w\" sizes=\"(max-width: 1024px) 100vw, 1024px\" \/><\/figure>\n\n\n<figure class=\"wp-block-image size-full\"><img width=\"1000\" height=\"669\" src=\"https:\/\/www.camping-lechampneuf.com\/wp-content\/uploads\/2023\/01\/campinglechampneuf-piscine-somme-gitesdumarquenterre.jpg\" alt=\"\" class=\"wp-image-750\" srcset=\"https:\/\/www.camping-lechampneuf.com\/wp-content\/uploads\/2023\/01\/campinglechampneuf-piscine-somme-gitesdumarquenterre.jpg 1000w, https:\/\/www.camping-lechampneuf.com\/wp-content\/uploads\/2023\/01\/campinglechampneuf-piscine-somme-gitesdumarquenterre-300x201.jpg 300w, https:\/\/www.camping-lechampneuf.com\/wp-content\/uploads\/2023\/01\/campinglechampneuf-piscine-somme-gitesdumarquenterre-768x514.jpg 768w\" sizes=\"(max-width: 1000px) 100vw, 1000px\" \/><\/figure><\/figure>\n<\/div>\n<\/div>\n\n<div class=\"wp-block-columns alignfull B-15\">\n<div class=\"wp-block-column is-vertically-aligned-center\" style=\"flex-basis:60%\">\n<figure class=\"wp-block-image size-full\"><img width=\"1024\" height=\"682\" src=\"https:\/\/www.camping-lechampneuf.com\/wp-content\/uploads\/2023\/01\/img_8237-1024x682-1.jpg\" alt=\"\" class=\"wp-image-927\" srcset=\"https:\/\/www.camping-lechampneuf.com\/wp-content\/uploads\/2023\/01\/img_8237-1024x682-1.jpg 1024w, https:\/\/www.camping-lechampneuf.com\/wp-content\/uploads\/2023\/01\/img_8237-1024x682-1-300x200.jpg 300w, https:\/\/www.camping-lechampneuf.com\/wp-content\/uploads\/2023\/01\/img_8237-1024x682-1-768x512.jpg 768w\" sizes=\"(max-width: 1024px) 100vw, 1024px\" \/><\/figure><\/div>\n\n\n\n<div class=\"wp-block-column is-vertically-aligned-center mob--order has-blanc-background-color has-background\">\n<h2 class=\"h1\" id=\"les-activites-sportives-et-de-detente-au-champ-neuf\">Sport- und Freizeitaktivit\u00e4ten in Champ Neuf<\/h2>\n\n\n\n<p>Sobald Sie sich auf Ihrem <a href=\"https:\/\/www.camping-lechampneuf.com\/emplacements\/\" data-type=\"page\" data-id=\"889\">Stellplatz<\/a> oder in Ihrer <a href=\"https:\/\/www.camping-lechampneuf.com\/de\/mobilheime-chalets\/\" data-type=\"page\" data-id=\"837\">Ferienunterkunft<\/a> eingerichtet haben, k\u00f6nnen Sie die <strong>Spiel- und Sportaktivit\u00e4ten<\/strong> nutzen, um sich zu entspannen und sich mit der Familie oder mit Freunden zu vergn\u00fcgen. Der <strong>Multisportplatz<\/strong> ist ideal f\u00fcr Spiele mit der Familie, mit Freunden oder mit Campern.  <\/p>\n\n\n\n<div class=\"wp-block-group lire-plus-mobile\"><div class=\"wp-block-group__inner-container\">\n<p>Lesen Sie mehr<\/p>\n\n\n\n<div class=\"wp-container-69de2a9ac92c2 wp-block-group\"><div class=\"wp-block-group__inner-container\">\n<p>Nach Wahl kannst du dort<strong> Fu\u00dfball, Basketball, Handball, Volleyball, Tennis <\/strong>, &#8230;. spielen. Hinzu kommen auch Tischtennisplatten.<\/p>\n\n\n\n<p>Das unumg\u00e4ngliche Sommerereignis, das<strong> P\u00e9tanque-Turnier<\/strong>, erwartet Sie, um sich mit Ihren Freunden zu messen. Es gibt nichts Besseres als eine Partie P\u00e9tanque auf einem Campingplatz, um neue Verbindungen zwischen Campern zu kn\u00fcpfen und eine sehr gute Zeit zu verbringen. Wir bieten Ihnen auch die M\u00f6glichkeit, auf dem 800 m langen kleinen Spazierweg zu Fu\u00df oder mit dem Fahrrad spazieren zu gehen oder sich fit zu halten.<\/p>\n<\/div><\/div>\n<\/div><\/div>\n\n\n\n<div class=\"wp-container-69de2a9ac960b wp-block-buttons\">\n<div class=\"wp-block-button\"><a class=\"wp-block-button__link\" href=\"https:\/\/www.camping-lechampneuf.com\/de\/wasserraum\/\"><i class=\"fa-light fa-arrow-right\"><\/i>  Entdecke den Pool<\/a><\/div>\n<\/div>\n<\/div>\n<\/div>\n\n<div class=\"wp-block-columns alignfull are-vertically-aligned-center B-20 B-20-b deco--vague-2 has-bleu-clair-background-color has-background\">\n<div class=\"wp-block-column is-vertically-aligned-center\" style=\"flex-basis:60%\">\n<h3 class=\"has-text-align-right h2\" id=\"les-activites-pour-enfants\">Aktivit\u00e4ten f\u00fcr Kinder<\/h3>\n\n\n\n<figure class=\"wp-block-gallery has-nested-images columns-3 is-cropped diaporama--2\">\n<figure class=\"wp-block-image size-full\"><img width=\"1920\" height=\"1080\" src=\"https:\/\/www.camping-lechampneuf.com\/wp-content\/uploads\/2023\/01\/vlcsnap-2017-12-13-12h16m22s396.jpg\" alt=\"\" class=\"wp-image-971\" srcset=\"https:\/\/www.camping-lechampneuf.com\/wp-content\/uploads\/2023\/01\/vlcsnap-2017-12-13-12h16m22s396.jpg 1920w, https:\/\/www.camping-lechampneuf.com\/wp-content\/uploads\/2023\/01\/vlcsnap-2017-12-13-12h16m22s396-300x169.jpg 300w, https:\/\/www.camping-lechampneuf.com\/wp-content\/uploads\/2023\/01\/vlcsnap-2017-12-13-12h16m22s396-1024x576.jpg 1024w, https:\/\/www.camping-lechampneuf.com\/wp-content\/uploads\/2023\/01\/vlcsnap-2017-12-13-12h16m22s396-768x432.jpg 768w, https:\/\/www.camping-lechampneuf.com\/wp-content\/uploads\/2023\/01\/vlcsnap-2017-12-13-12h16m22s396-1536x864.jpg 1536w\" sizes=\"(max-width: 1920px) 100vw, 1920px\" \/><\/figure>\n\n\n<figure class=\"wp-block-image size-large\"><img width=\"577\" height=\"1024\" src=\"https:\/\/www.camping-lechampneuf.com\/wp-content\/uploads\/2023\/01\/image0-4-577x1024.png\" alt=\"\" class=\"wp-image-979\" srcset=\"https:\/\/www.camping-lechampneuf.com\/wp-content\/uploads\/2023\/01\/image0-4-577x1024.png 577w, https:\/\/www.camping-lechampneuf.com\/wp-content\/uploads\/2023\/01\/image0-4-169x300.png 169w, https:\/\/www.camping-lechampneuf.com\/wp-content\/uploads\/2023\/01\/image0-4-768x1362.png 768w, https:\/\/www.camping-lechampneuf.com\/wp-content\/uploads\/2023\/01\/image0-4.png 816w\" sizes=\"(max-width: 577px) 100vw, 577px\" \/><\/figure>\n\n\n<figure class=\"wp-block-image size-full\"><img width=\"1280\" height=\"854\" src=\"https:\/\/www.camping-lechampneuf.com\/wp-content\/uploads\/2023\/01\/pexels-alexander-dummer-1364073-1.jpg\" alt=\"\" class=\"wp-image-1123\" srcset=\"https:\/\/www.camping-lechampneuf.com\/wp-content\/uploads\/2023\/01\/pexels-alexander-dummer-1364073-1.jpg 1280w, https:\/\/www.camping-lechampneuf.com\/wp-content\/uploads\/2023\/01\/pexels-alexander-dummer-1364073-1-300x200.jpg 300w, https:\/\/www.camping-lechampneuf.com\/wp-content\/uploads\/2023\/01\/pexels-alexander-dummer-1364073-1-1024x683.jpg 1024w, https:\/\/www.camping-lechampneuf.com\/wp-content\/uploads\/2023\/01\/pexels-alexander-dummer-1364073-1-768x512.jpg 768w\" sizes=\"(max-width: 1280px) 100vw, 1280px\" \/><\/figure>\n\n\n<figure class=\"wp-block-image size-full\"><img width=\"2560\" height=\"1765\" src=\"https:\/\/www.camping-lechampneuf.com\/wp-content\/uploads\/2023\/01\/pexels-lukas-296308-1-scaled.jpg\" alt=\"\" class=\"wp-image-1294\" srcset=\"https:\/\/www.camping-lechampneuf.com\/wp-content\/uploads\/2023\/01\/pexels-lukas-296308-1-scaled.jpg 2560w, https:\/\/www.camping-lechampneuf.com\/wp-content\/uploads\/2023\/01\/pexels-lukas-296308-1-300x207.jpg 300w, https:\/\/www.camping-lechampneuf.com\/wp-content\/uploads\/2023\/01\/pexels-lukas-296308-1-1024x706.jpg 1024w, https:\/\/www.camping-lechampneuf.com\/wp-content\/uploads\/2023\/01\/pexels-lukas-296308-1-768x530.jpg 768w, https:\/\/www.camping-lechampneuf.com\/wp-content\/uploads\/2023\/01\/pexels-lukas-296308-1-1536x1059.jpg 1536w, https:\/\/www.camping-lechampneuf.com\/wp-content\/uploads\/2023\/01\/pexels-lukas-296308-1-2048x1412.jpg 2048w\" sizes=\"(max-width: 2560px) 100vw, 2560px\" \/><\/figure>\n\n\n<figure class=\"wp-block-image size-full\"><img width=\"1024\" height=\"683\" src=\"https:\/\/www.camping-lechampneuf.com\/wp-content\/uploads\/2023\/01\/riviere-1024x683-1.jpg\" alt=\"\" class=\"wp-image-923\" srcset=\"https:\/\/www.camping-lechampneuf.com\/wp-content\/uploads\/2023\/01\/riviere-1024x683-1.jpg 1024w, https:\/\/www.camping-lechampneuf.com\/wp-content\/uploads\/2023\/01\/riviere-1024x683-1-300x200.jpg 300w, https:\/\/www.camping-lechampneuf.com\/wp-content\/uploads\/2023\/01\/riviere-1024x683-1-768x512.jpg 768w\" sizes=\"(max-width: 1024px) 100vw, 1024px\" \/><\/figure>\n\n\n<figure class=\"wp-block-image size-full\"><img width=\"1920\" height=\"1280\" src=\"https:\/\/www.camping-lechampneuf.com\/wp-content\/uploads\/2023\/01\/pexels-sebastian-voortman-1548774.jpg\" alt=\"\" class=\"wp-image-1306\" srcset=\"https:\/\/www.camping-lechampneuf.com\/wp-content\/uploads\/2023\/01\/pexels-sebastian-voortman-1548774.jpg 1920w, https:\/\/www.camping-lechampneuf.com\/wp-content\/uploads\/2023\/01\/pexels-sebastian-voortman-1548774-300x200.jpg 300w, https:\/\/www.camping-lechampneuf.com\/wp-content\/uploads\/2023\/01\/pexels-sebastian-voortman-1548774-1024x683.jpg 1024w, https:\/\/www.camping-lechampneuf.com\/wp-content\/uploads\/2023\/01\/pexels-sebastian-voortman-1548774-768x512.jpg 768w, https:\/\/www.camping-lechampneuf.com\/wp-content\/uploads\/2023\/01\/pexels-sebastian-voortman-1548774-1536x1024.jpg 1536w\" sizes=\"(max-width: 1920px) 100vw, 1920px\" \/><\/figure><\/figure>\n<\/div>\n\n\n\n<div class=\"wp-block-column is-vertically-aligned-center mob--order\">\n<p class=\"has-text-align-center titre\">profitieren Sie<\/p>\n\n\n\n<p class=\"h1\">Keine Zeit f\u00fcr Langeweile!<\/p>\n\n\n\n<p>F\u00fcr Kinder gibt es einen <strong>Spielplatz<\/strong> mit <strong>Rutsche, Schaukel und Federspielger\u00e4ten<\/strong>. Die Kinder stehen unter der Aufsicht der Eltern (der Spielplatz wird abends um 22 Uhr geschlossen).  <\/p>\n\n\n\n<div class=\"wp-block-group lire-plus-mobile\"><div class=\"wp-block-group__inner-container\">\n<p>Lesen Sie mehr<\/p>\n\n\n\n<div class=\"wp-container-69de2a9ac9acc wp-block-group\"><div class=\"wp-block-group__inner-container\">\n<p>Die Kinder k\u00f6nnen sich auch in den<strong> H\u00fcpfburgen<\/strong> vergn\u00fcgen, die den ganzen Tag \u00fcber zug\u00e4nglich sind (aus Sicherheitsgr\u00fcnden muss bei starkem Wind die Luft aus der Burg gelassen werden).<\/p>\n\n\n\n<p><strong> Tischfu\u00dfball und Billard<\/strong> sind ein Treffpunkt im Raum neben der Bar. Nicht zu vergessen, die M\u00f6glichkeit, sich im<a href=\"https:\/\/www.camping-lechampneuf.com\/de\/wasserraum\/\" data-type=\"page\" data-id=\"908\">Wasserpark unseres Campingplatzes in der Somme-Bucht<\/a> zu vergn\u00fcgen.<\/p>\n\n\n\n<p>Der \u00fcberdachte und beheizte Pool mit seinen Rutschen, Wasserd\u00fcsen und Whirlpools wird die ganze Familie begeistern!<\/p>\n<\/div><\/div>\n<\/div><\/div>\n<\/div>\n<\/div>\n\n<div class=\"wp-block-columns B-05\">\n<div class=\"wp-block-column mob--display inter--opacity inter--absolute\" style=\"flex-basis:25%\">\n<figure class=\"wp-block-image size-full is-resized feuille\"><img src=\"https:\/\/www.camping-lechampneuf.com\/wp-content\/uploads\/2023\/01\/feuille-2.png\" alt=\"\" class=\"wp-image-560\" width=\"181\" height=\"294\"\/><\/figure><\/div>\n\n\n\n<div class=\"wp-block-column inter--padding-06\">\n<p class=\"has-text-align-center titre\">in der Familie<\/p>\n\n\n\n<h2 class=\"has-text-align-center h1\" id=\"les-animations-pour-toute-la-famille-de-notre-camping-en-baie-de-somme\">Die Animationen f\u00fcr die ganze Familie auf unserem Campingplatz in der Somme-Bucht<\/h2>\n\n\n\n<p class=\"has-text-align-center\">In den Monaten Juli und August bieten wir den Kindern einen Nachmittag lang <strong>Ponyreiten auf<\/strong> dem Campingplatz an.<\/p>\n\n\n\n<div class=\"wp-block-group lire-plus-mobile\"><div class=\"wp-block-group__inner-container\">\n<p class=\"has-text-align-center\">Lesen Sie mehr<\/p>\n\n\n\n<div class=\"wp-container-69de2a9ac9eda wp-block-group\"><div class=\"wp-block-group__inner-container\">\n<p class=\"has-text-align-center\">Ein wahres Vergn\u00fcgen f\u00fcr die Kinder! <strong>Die Tages- und Abendanimationen finden vom 10\/07 bis zum 25\/08 statt<\/strong>. Tags\u00fcber, In Le Champ Neuf, Campingplatz Baie de Somme, bieten wir tags\u00fcber Boule-Turniere, zwei Einf\u00fchrungstage ins Bogenschie\u00dfen, Kartenturniere, Ponyreiten auf dem Campingplatz usw. an. Das <strong>Animationsprogramm wird auf dem Campingplatz ausgeh\u00e4ngt<\/strong>.<\/p>\n\n\n\n<p class=\"has-text-align-center\">Au\u00dferdem bieten wir verschiedene Abendveranstaltungen in der Woche an, wie z. B. die <strong>Nachtparty am Poo<\/strong>l, den <strong>Karaoke-Abend<\/strong>, den Tanzabend&#8230; Aus R\u00fccksicht auf jeden Einzelnen enden die <strong>Abendveranstaltungen<\/strong> um <strong>Mitternacht<\/strong>.<\/p>\n<\/div><\/div>\n<\/div><\/div>\n\n\n\n<div class=\"wp-container-69de2a9aca1da wp-block-buttons\">\n<div class=\"wp-block-button btn_resa\"><a class=\"wp-block-button__link\"><i class=\"fa-light fa-calendar\"><\/i>  Jetzt buchen<\/a><\/div>\n<\/div>\n<\/div>\n\n\n\n<div class=\"wp-block-column is-vertically-aligned-bottom mob--absolute mob--opacity inter--display\" style=\"flex-basis:25%\">\n<figure class=\"wp-block-image size-full feuille\"><img width=\"181\" height=\"271\" src=\"https:\/\/www.camping-lechampneuf.com\/wp-content\/uploads\/2023\/01\/feuille-1.png\" alt=\"\" class=\"wp-image-564\"\/><\/figure><\/div>\n<\/div>\n","protected":false},"excerpt":{"rendered":"<p>Aktivit\u00e4ten f\u00fcr die ganze Familie auf Ihrem Campingplatz in der Baie de Somme Wenn Sie nicht gerade die Somme-Bucht erkunden, k\u00f6nnen Sie auf dem Campingplatz Le Champ Neuf dank seiner zahlreichen Freizeiteinrichtungen angenehme Momente mit der Familie oder mit Freunden verbringen. Was auch immer Sie w\u00e4hrend Ihres Aufenthalts auf unserem Campingplatz in der Baie de [&hellip;]<\/p>\n","protected":false},"author":1,"featured_media":0,"parent":0,"menu_order":0,"comment_status":"closed","ping_status":"closed","template":"","meta":[],"acf":[],"_links":{"self":[{"href":"https:\/\/www.camping-lechampneuf.com\/de\/wp-json\/wp\/v2\/pages\/1685"}],"collection":[{"href":"https:\/\/www.camping-lechampneuf.com\/de\/wp-json\/wp\/v2\/pages"}],"about":[{"href":"https:\/\/www.camping-lechampneuf.com\/de\/wp-json\/wp\/v2\/types\/page"}],"author":[{"embeddable":true,"href":"https:\/\/www.camping-lechampneuf.com\/de\/wp-json\/wp\/v2\/users\/1"}],"replies":[{"embeddable":true,"href":"https:\/\/www.camping-lechampneuf.com\/de\/wp-json\/wp\/v2\/comments?post=1685"}],"version-history":[{"count":3,"href":"https:\/\/www.camping-lechampneuf.com\/de\/wp-json\/wp\/v2\/pages\/1685\/revisions"}],"predecessor-version":[{"id":2031,"href":"https:\/\/www.camping-lechampneuf.com\/de\/wp-json\/wp\/v2\/pages\/1685\/revisions\/2031"}],"wp:attachment":[{"href":"https:\/\/www.camping-lechampneuf.com\/de\/wp-json\/wp\/v2\/media?parent=1685"}],"curies":[{"name":"wp","href":"https:\/\/api.w.org\/{rel}","templated":true}]}}