{"id":1719,"date":"2023-01-26T10:33:23","date_gmt":"2023-01-26T09:33:23","guid":{"rendered":"https:\/\/www.camping-lechampneuf.com\/standorte\/"},"modified":"2025-02-13T09:49:23","modified_gmt":"2025-02-13T08:49:23","slug":"standorte","status":"publish","type":"page","link":"https:\/\/www.camping-lechampneuf.com\/de\/standorte\/","title":{"rendered":"Standorte"},"content":{"rendered":"\n<div class=\"wp-block-cover alignfull is-light banniere-logo deco--vague\"><span aria-hidden=\"true\" class=\"has-background-dim-0 wp-block-cover__gradient-background has-background-dim\"><\/span><img width=\"2560\" height=\"1920\" class=\"wp-block-cover__image-background wp-image-707\" alt=\"\" src=\"https:\/\/www.camping-lechampneuf.com\/wp-content\/uploads\/2023\/01\/emplcament-caravane-tente-campingcar-scaled.jpg\" data-object-fit=\"cover\" srcset=\"https:\/\/www.camping-lechampneuf.com\/wp-content\/uploads\/2023\/01\/emplcament-caravane-tente-campingcar-scaled.jpg 2560w, https:\/\/www.camping-lechampneuf.com\/wp-content\/uploads\/2023\/01\/emplcament-caravane-tente-campingcar-300x225.jpg 300w, https:\/\/www.camping-lechampneuf.com\/wp-content\/uploads\/2023\/01\/emplcament-caravane-tente-campingcar-1024x768.jpg 1024w, https:\/\/www.camping-lechampneuf.com\/wp-content\/uploads\/2023\/01\/emplcament-caravane-tente-campingcar-768x576.jpg 768w, https:\/\/www.camping-lechampneuf.com\/wp-content\/uploads\/2023\/01\/emplcament-caravane-tente-campingcar-1536x1152.jpg 1536w, https:\/\/www.camping-lechampneuf.com\/wp-content\/uploads\/2023\/01\/emplcament-caravane-tente-campingcar-2048x1536.jpg 2048w\" sizes=\"(max-width: 2560px) 100vw, 2560px\" \/><div class=\"wp-block-cover__inner-container\">\n<p class=\"has-text-align-center has-large-font-size\"><\/p>\n<\/div><\/div>\n\n\n\n<div class=\"wp-block-columns B-05\">\n<div class=\"wp-block-column mob--opacity mob--absolute inter--opacity inter--absolute\" style=\"flex-basis:25%\">\n<figure class=\"wp-block-image size-full is-resized feuille\"><img src=\"https:\/\/www.camping-lechampneuf.com\/wp-content\/uploads\/2023\/01\/feuille-2.png\" alt=\"\" class=\"wp-image-560\" width=\"181\" height=\"294\"\/><\/figure>\n<\/div>\n\n\n\n<div class=\"wp-block-column inter--padding-06\">\n<p class=\"has-text-align-center titre\">Abenteuer<\/p>\n\n\n\n<h1 class=\"has-text-align-center\" id=\"les-emplacements-du-camping-a-saint-quentin-en-tourmont-pres-de-fort-mahon\">Die Stellpl\u00e4tze des Campingplatzes in Saint-Quentin-en-Tourmont in der N\u00e4he von Fort Mahon<\/h1>\n\n\n\n<h2 class=\"has-text-align-center h3\" id=\"sejour-en-camping-en-baie-de-somme-au-champ-neuf\">Campingpl\u00e4tze in der Sommebucht mit allem Komfort<\/h2>\n\n\n\n<p class=\"has-text-align-center\">Wenn Sie Anh\u00e4nger des traditionellen Campings sind und gerne so nah wie m\u00f6glich an der <strong>Natur<\/strong> sind, schlagen wir Ihnen vor, sich zu entspannen und einen <strong>geselligen Aufenthalt auf dem 4-Sterne-Campingplatz Le Champ Neuf<\/strong> mit Ihrem <strong>Zelt, Ihrem Wohnwagen oder Ihrem Wohnmobil<\/strong> zu erleben.<\/p>\n\n\n\n<div class=\"wp-block-group lire-plus-pc\"><div class=\"wp-block-group__inner-container\">\n<p class=\"has-text-align-center\">Lesen Sie mehr<\/p>\n\n\n\n<div class=\"wp-container-69f40e1555bc4 wp-block-group\"><div class=\"wp-block-group__inner-container\">\n<p class=\"has-text-align-center\">Der Raum jedes Einzelnen wird mit <strong>Hecken<\/strong> respektiert, die aus einer vielf\u00e4ltigen Vegetation bestehen und die <strong>Campingpl\u00e4tze<\/strong> voneinander trennen. Die Stellpl\u00e4tze auf Ihrem<strong> Campingplatz in Saint Quentin en Tourmont<\/strong> in der <strong>Somme-Bucht<\/strong> sind flach und mit Rasen einges\u00e4t.<\/p>\n\n\n\n<p class=\"has-text-align-center\">Au\u00dferdem gibt es auch Stellpl\u00e4tze, die f\u00fcr Menschen mit eingeschr\u00e4nkter Mobilit\u00e4t zug\u00e4nglich sind. Um Ihnen einen angenehmen Aufenthalt auf dem <strong>Campingplatz in der Sommebucht<\/strong> zu gew\u00e4hrleisten, verf\u00fcgt Le Champ Neuf schlie\u00dflich \u00fcber <strong>vier Sanit\u00e4rbl\u00f6cke<\/strong> und verschiedene Pauschalangebote, die allen Bed\u00fcrfnissen gerecht werden. Vor Ort haben Sie au\u00dferdem Zugang zu allen Dienstleistungen und Aktivit\u00e4ten, die auf unserem <a href=\"https:\/\/www.camping-lechampneuf.com\/de\/wasserraum\/\" data-type=\"page\" data-id=\"908\">Campingplatz in der Summe mit Schwimmbad <\/a>(\u00fcberdacht und beheizt) angeboten werden.<\/p>\n<\/div><\/div>\n<\/div><\/div>\n\n\n\n<div class=\"wp-container-69f40e155600e wp-block-buttons\">\n<div class=\"wp-block-button btn_resa_empl\"><a class=\"wp-block-button__link\"><i class=\"fa-light fa-calendar\"><\/i>  Jetzt buchen<\/a><\/div>\n<\/div>\n<\/div>\n\n\n\n<div class=\"wp-block-column is-vertically-aligned-bottom mob--display inter--display\" style=\"flex-basis:25%\">\n<figure class=\"wp-block-image size-full feuille\"><img width=\"181\" height=\"271\" src=\"https:\/\/www.camping-lechampneuf.com\/wp-content\/uploads\/2023\/01\/feuille-1.png\" alt=\"\" class=\"wp-image-564\"\/><\/figure>\n<\/div>\n<\/div>\n\n\n\n<div class=\"wp-block-columns alignfull B-15\">\n<div class=\"wp-block-column is-vertically-aligned-center\" style=\"flex-basis:60%\">\n<h2 class=\"has-text-align-right\" id=\"un-camping-avec-aire-de-camping-car-a-st-quentin-en-tourmont-pres-de-fort-mahon-et-quend-plage\">Ein Campingplatz mit Wohnmobilstellplatz in St Quentin en Tourmont in der N\u00e4he von Fort Mahon und Quend plage<\/h2>\n\n\n\n<figure class=\"wp-block-image size-large\"><img width=\"1024\" height=\"768\" src=\"https:\/\/www.camping-lechampneuf.com\/wp-content\/uploads\/2023\/01\/emplacement-campingcar-caravane-1-1024x768.jpg\" alt=\"\" class=\"wp-image-1252\" srcset=\"https:\/\/www.camping-lechampneuf.com\/wp-content\/uploads\/2023\/01\/emplacement-campingcar-caravane-1-1024x768.jpg 1024w, https:\/\/www.camping-lechampneuf.com\/wp-content\/uploads\/2023\/01\/emplacement-campingcar-caravane-1-300x225.jpg 300w, https:\/\/www.camping-lechampneuf.com\/wp-content\/uploads\/2023\/01\/emplacement-campingcar-caravane-1-768x576.jpg 768w, https:\/\/www.camping-lechampneuf.com\/wp-content\/uploads\/2023\/01\/emplacement-campingcar-caravane-1-1536x1152.jpg 1536w, https:\/\/www.camping-lechampneuf.com\/wp-content\/uploads\/2023\/01\/emplacement-campingcar-caravane-1-2048x1536.jpg 2048w\" sizes=\"(max-width: 1024px) 100vw, 1024px\" \/><\/figure>\n<\/div>\n\n\n\n<div class=\"wp-block-column is-vertically-aligned-center has-blanc-background-color has-background\">\n<p class=\"has-text-align-right titre\">Flucht<\/p>\n\n\n\n<p class=\"h1\">Genie\u00dfen Sie unseren tollen Wasserbereich<\/p>\n\n\n\n<p>Unser Campingplatz in der Baie de Somme bietet Ihnen 3 Arten von Pauschalangeboten, die auf jedes Bed\u00fcrfnis zugeschnitten sind:<\/p>\n\n\n\n<ul class=\"pictos col-1\"><li><i class=\"fal fa-spa\"><\/i> <strong>Pauschale D\u00e9tente (Entspannung<\/strong> ) : Diese Pauschale umfasst 1 oder 2 Personen, ein Zelt oder einen Wohnwagen, ein Fahrzeug.<\/li><li><i class=\"fal fa-heart\"><\/i> Pauschale <strong>Confort<\/strong>: Diese Pauschale beinhaltet 1 oder 2 Personen, ein Zelt oder einen Wohnwagen, ein Fahrzeug sowie einen Stromanschluss.<\/li><li><i class=\"fal fa-rv\"><\/i> <strong>Pauschale f\u00fcr Wohnmobile<\/strong>: Diese Pauschale umfasst 1 oder 2 Personen, ein Wohnmobil, ohne Stromanschluss. Ein Stromanschluss ist jedoch gegen einen Preisaufschlag m\u00f6glich. Freier Zugang zum<strong>Wohnmobilstellplatz<\/strong>.<\/li><\/ul>\n\n\n\n<div class=\"wp-block-group lire-plus-pc\"><div class=\"wp-block-group__inner-container\">\n<p>Lesen Sie mehr<\/p>\n\n\n\n<div class=\"wp-container-69f40e15565c0 wp-block-group\"><div class=\"wp-block-group__inner-container\">\n<p>Wir stellen auch einen<a href=\"https:\/\/www.camping-lechampneuf.com\/de\/wohnmobilstellplatz-in-der-baie-de-somme\/\" data-type=\"page\" data-id=\"1251\"> Bereich f\u00fcr Wohnmobile zur Verf\u00fcgung<\/a>. Wenn Sie sich auf unserem Campingplatz in der Sommebucht in der N\u00e4he des Parc du Marquenterre aufhalten, haben Sie die M\u00f6glichkeit, Wasser abzulassen und zu entnehmen. Au\u00dferdem stehen Ihnen in den Sanit\u00e4ranlagen 2 Abfl\u00fcsse f\u00fcr Chemietoiletten zur Verf\u00fcgung.<\/p>\n<\/div><\/div>\n<\/div><\/div>\n<\/div>\n<\/div>\n\n\n\n<div class=\"wp-block-columns alignfull B-25\">\n<div class=\"wp-block-column mob--display\">\n<figure class=\"wp-block-gallery has-nested-images columns-1 is-cropped\">\n<figure class=\"wp-block-image size-large\"><img width=\"1024\" height=\"768\" src=\"https:\/\/www.camping-lechampneuf.com\/wp-content\/uploads\/2023\/01\/00000437045-1024x768.webp\" alt=\"\" class=\"wp-image-1284\" srcset=\"https:\/\/www.camping-lechampneuf.com\/wp-content\/uploads\/2023\/01\/00000437045-1024x768.webp 1024w, https:\/\/www.camping-lechampneuf.com\/wp-content\/uploads\/2023\/01\/00000437045-300x225.webp 300w, https:\/\/www.camping-lechampneuf.com\/wp-content\/uploads\/2023\/01\/00000437045-768x576.webp 768w, https:\/\/www.camping-lechampneuf.com\/wp-content\/uploads\/2023\/01\/00000437045.webp 1176w\" sizes=\"(max-width: 1024px) 100vw, 1024px\" \/><\/figure>\n\n\n\n<figure class=\"wp-block-image size-large\"><img width=\"1024\" height=\"768\" src=\"https:\/\/www.camping-lechampneuf.com\/wp-content\/uploads\/2023\/01\/00000437023-1024x768.webp\" alt=\"\" class=\"wp-image-1276\" srcset=\"https:\/\/www.camping-lechampneuf.com\/wp-content\/uploads\/2023\/01\/00000437023-1024x768.webp 1024w, https:\/\/www.camping-lechampneuf.com\/wp-content\/uploads\/2023\/01\/00000437023-300x225.webp 300w, https:\/\/www.camping-lechampneuf.com\/wp-content\/uploads\/2023\/01\/00000437023-768x576.webp 768w, https:\/\/www.camping-lechampneuf.com\/wp-content\/uploads\/2023\/01\/00000437023.webp 1176w\" sizes=\"(max-width: 1024px) 100vw, 1024px\" \/><\/figure>\n<\/figure>\n<\/div>\n\n\n\n<div class=\"wp-block-column has-blanc-background-color has-background\">\n<p class=\"has-text-align-center titre\">die mehr<\/p>\n\n\n\n<h2 class=\"has-text-align-center h1\" id=\"informations-utiles-dans-votre-camping-a-saint-quentin-en-tourmont\">N\u00fctzliche Informationen auf Ihrem Campingplatz in Saint Quentin en Tourmont<\/h2>\n\n\n\n<ul class=\"pictos col-1\"><li><i class=\"fa-light fa-backpack\"><\/i>  Die Stellpl\u00e4tze k\u00f6nnen bis zu <strong>maximal 6 Personen<\/strong> beherbergen.<\/li><li><i class=\"fa-light fa-plus-minus\"><\/i>  Wir erlauben zus\u00e4tzliche Lauben, Vorzelte und Zelte auf dem Stellplatz. F\u00fcr zus\u00e4tzliche Zelte wird jedoch ein Aufpreis erhoben.<\/li><li><i class=\"fa-light fa-clock\"><\/i>  Die Pl\u00e4tze sind <strong>ab 14.30 Uhr<\/strong> verf\u00fcgbar und werden bis <strong>11.00 Uhr<\/strong> ger\u00e4umt.<\/li><li><i class=\"fa-light fa-badge-check\"><\/i>  In den Preisen inbegriffen sind der Zugang zum beheizten Schwimmbad, zum Multisportplatz, Spielplatz, Tischtennisplatten, H\u00fcpfburgen und zu den verschiedenen <a href=\"https:\/\/www.camping-lechampneuf.com\/de\/aktivitaeten-animationen\/\" data-type=\"page\" data-id=\"1006\">Aktivit\u00e4ten des Campingplatzes<\/a>&#8230;<\/li><li><i class=\"fa-light fa-address-card\"><\/i>  Le Champ Neuf akzeptiert die <strong>Camping Card ACSI<\/strong>, <strong>Camping Key Europe<\/strong>, <strong>ADAC Campcard<\/strong>, <strong>FFCC<\/strong>.<\/li><\/ul>\n\n\n\n<div class=\"wp-container-69f40e1556b5e wp-block-buttons\">\n<div class=\"wp-block-button\"><a class=\"wp-block-button__link\" href=\"https:\/\/www.camping-lechampneuf.com\/de\/dienste\/\"><i class=\"fa-light fa-arrow-right\"><\/i>  Unsere anderen Dienstleistungen<\/a><\/div>\n<\/div>\n<\/div>\n\n\n\n<div class=\"wp-block-column mob--display\">\n<figure class=\"wp-block-gallery has-nested-images columns-1 is-cropped\">\n<figure class=\"wp-block-image size-large\"><img width=\"1024\" height=\"768\" src=\"https:\/\/www.camping-lechampneuf.com\/wp-content\/uploads\/2023\/01\/00000437044-1024x768.webp\" alt=\"\" class=\"wp-image-1280\" srcset=\"https:\/\/www.camping-lechampneuf.com\/wp-content\/uploads\/2023\/01\/00000437044-1024x768.webp 1024w, https:\/\/www.camping-lechampneuf.com\/wp-content\/uploads\/2023\/01\/00000437044-300x225.webp 300w, https:\/\/www.camping-lechampneuf.com\/wp-content\/uploads\/2023\/01\/00000437044-768x576.webp 768w, https:\/\/www.camping-lechampneuf.com\/wp-content\/uploads\/2023\/01\/00000437044.webp 1176w\" sizes=\"(max-width: 1024px) 100vw, 1024px\" \/><\/figure>\n\n\n\n<figure class=\"wp-block-image size-full\"><img width=\"1024\" height=\"440\" src=\"https:\/\/www.camping-lechampneuf.com\/wp-content\/uploads\/2023\/01\/emplacement-camping-4etoiles-1024x440-1.jpg\" alt=\"\" class=\"wp-image-898\" srcset=\"https:\/\/www.camping-lechampneuf.com\/wp-content\/uploads\/2023\/01\/emplacement-camping-4etoiles-1024x440-1.jpg 1024w, https:\/\/www.camping-lechampneuf.com\/wp-content\/uploads\/2023\/01\/emplacement-camping-4etoiles-1024x440-1-300x129.jpg 300w, https:\/\/www.camping-lechampneuf.com\/wp-content\/uploads\/2023\/01\/emplacement-camping-4etoiles-1024x440-1-768x330.jpg 768w\" sizes=\"(max-width: 1024px) 100vw, 1024px\" \/><\/figure>\n<\/figure>\n<\/div>\n<\/div>\n\n\n\n<figure class=\"wp-block-gallery has-nested-images columns-default is-cropped\">\n<figure class=\"wp-block-image size-large\"><img width=\"670\" height=\"503\" data-id=\"4270\"  src=\"https:\/\/www.camping-lechampneuf.com\/wp-content\/uploads\/2024\/08\/IMG_2402-1024x768-1.webp\" alt=\"\" class=\"wp-image-4270\" srcset=\"https:\/\/www.camping-lechampneuf.com\/wp-content\/uploads\/2024\/08\/IMG_2402-1024x768-1.webp 670w, https:\/\/www.camping-lechampneuf.com\/wp-content\/uploads\/2024\/08\/IMG_2402-1024x768-1-300x225.webp 300w\" sizes=\"(max-width: 670px) 100vw, 670px\" \/><\/figure>\n\n\n\n<figure class=\"wp-block-image size-full\"><img width=\"440\" height=\"300\" data-id=\"4295\"  src=\"https:\/\/www.camping-lechampneuf.com\/wp-content\/uploads\/2024\/08\/IMG_2126-1024x698-1.webp\" alt=\"\" class=\"wp-image-4295\" srcset=\"https:\/\/www.camping-lechampneuf.com\/wp-content\/uploads\/2024\/08\/IMG_2126-1024x698-1.webp 440w, https:\/\/www.camping-lechampneuf.com\/wp-content\/uploads\/2024\/08\/IMG_2126-1024x698-1-300x205.webp 300w\" sizes=\"(max-width: 440px) 100vw, 440px\" \/><\/figure>\n\n\n\n<figure class=\"wp-block-image size-large\"><img width=\"400\" height=\"300\" data-id=\"4283\"  src=\"https:\/\/www.camping-lechampneuf.com\/wp-content\/uploads\/2024\/08\/IMG_2357-1-1024x768-1.webp\" alt=\"\" class=\"wp-image-4283\" srcset=\"https:\/\/www.camping-lechampneuf.com\/wp-content\/uploads\/2024\/08\/IMG_2357-1-1024x768-1.webp 400w, https:\/\/www.camping-lechampneuf.com\/wp-content\/uploads\/2024\/08\/IMG_2357-1-1024x768-1-300x225.webp 300w\" sizes=\"(max-width: 400px) 100vw, 400px\" \/><\/figure>\n<\/figure>\n","protected":false},"excerpt":{"rendered":"<p>Abenteuer Die Stellpl\u00e4tze des Campingplatzes in Saint-Quentin-en-Tourmont in der N\u00e4he von Fort Mahon Campingpl\u00e4tze in der Sommebucht mit allem Komfort Wenn Sie Anh\u00e4nger des traditionellen Campings sind und gerne so nah wie m\u00f6glich an der Natur sind, schlagen wir Ihnen vor, sich zu entspannen und einen geselligen Aufenthalt auf dem 4-Sterne-Campingplatz Le Champ Neuf mit [&hellip;]<\/p>\n","protected":false},"author":1,"featured_media":0,"parent":0,"menu_order":0,"comment_status":"closed","ping_status":"closed","template":"","meta":[],"acf":[],"_links":{"self":[{"href":"https:\/\/www.camping-lechampneuf.com\/de\/wp-json\/wp\/v2\/pages\/1719"}],"collection":[{"href":"https:\/\/www.camping-lechampneuf.com\/de\/wp-json\/wp\/v2\/pages"}],"about":[{"href":"https:\/\/www.camping-lechampneuf.com\/de\/wp-json\/wp\/v2\/types\/page"}],"author":[{"embeddable":true,"href":"https:\/\/www.camping-lechampneuf.com\/de\/wp-json\/wp\/v2\/users\/1"}],"replies":[{"embeddable":true,"href":"https:\/\/www.camping-lechampneuf.com\/de\/wp-json\/wp\/v2\/comments?post=1719"}],"version-history":[{"count":6,"href":"https:\/\/www.camping-lechampneuf.com\/de\/wp-json\/wp\/v2\/pages\/1719\/revisions"}],"predecessor-version":[{"id":4658,"href":"https:\/\/www.camping-lechampneuf.com\/de\/wp-json\/wp\/v2\/pages\/1719\/revisions\/4658"}],"wp:attachment":[{"href":"https:\/\/www.camping-lechampneuf.com\/de\/wp-json\/wp\/v2\/media?parent=1719"}],"curies":[{"name":"wp","href":"https:\/\/api.w.org\/{rel}","templated":true}]}}