{"id":1729,"date":"2023-01-26T10:34:10","date_gmt":"2023-01-26T09:34:10","guid":{"rendered":"https:\/\/www.camping-lechampneuf.com\/wasserraum\/"},"modified":"2026-02-02T16:15:21","modified_gmt":"2026-02-02T15:15:21","slug":"wasserraum","status":"publish","type":"page","link":"https:\/\/www.camping-lechampneuf.com\/de\/wasserraum\/","title":{"rendered":"Wasserraum"},"content":{"rendered":"\n<div class=\"wp-block-cover alignfull is-light banniere-logo deco--vague\"><span aria-hidden=\"true\" class=\"has-background-dim-0 wp-block-cover__gradient-background has-background-dim\"><\/span><img width=\"2560\" height=\"1250\" class=\"wp-block-cover__image-background wp-image-993\" alt=\"\" src=\"https:\/\/www.camping-lechampneuf.com\/wp-content\/uploads\/2023\/01\/image0-scaled.webp\" data-object-fit=\"cover\" srcset=\"https:\/\/www.camping-lechampneuf.com\/wp-content\/uploads\/2023\/01\/image0-scaled.webp 2560w, https:\/\/www.camping-lechampneuf.com\/wp-content\/uploads\/2023\/01\/image0-300x146.webp 300w, https:\/\/www.camping-lechampneuf.com\/wp-content\/uploads\/2023\/01\/image0-1024x500.webp 1024w, https:\/\/www.camping-lechampneuf.com\/wp-content\/uploads\/2023\/01\/image0-768x375.webp 768w, https:\/\/www.camping-lechampneuf.com\/wp-content\/uploads\/2023\/01\/image0-1536x750.webp 1536w, https:\/\/www.camping-lechampneuf.com\/wp-content\/uploads\/2023\/01\/image0-2048x1000.webp 2048w\" sizes=\"(max-width: 2560px) 100vw, 2560px\" \/><div class=\"wp-block-cover__inner-container\">\n<p class=\"has-text-align-center has-large-font-size\"><\/p>\n<\/div><\/div>\n\n\n\n<div class=\"wp-block-columns B-05\">\n<div class=\"wp-block-column mob--opacity mob--absolute inter--opacity inter--absolute\" style=\"flex-basis:25%\">\n<figure class=\"wp-block-image size-full is-resized feuille\"><img src=\"https:\/\/www.camping-lechampneuf.com\/wp-content\/uploads\/2023\/01\/feuille-2.png\" alt=\"\" class=\"wp-image-560\" width=\"181\" height=\"294\"\/><\/figure>\n<\/div>\n\n\n\n<div class=\"wp-block-column inter--padding-06\">\n<p class=\"has-text-align-center titre\">Wassersport<\/p>\n\n\n\n<h1 class=\"has-text-align-center\" id=\"camping-en-baie-de-somme-avec-piscine-couverte-et-chauffee\">Campingplatz in der Baie de Somme mit beheiztem Hallenbad<\/h1>\n\n\n\n<p class=\"has-text-align-center\">Auf <strong>der<\/strong> Suche nach einem <strong>Campingplatz in der Sommebucht mit \u00fcberdachtem und beheiztem Schwimmbad<\/strong>? Auf dem Campingplatz Le Champ Neuf bieten wir Ihnen dank des gro\u00dfen, <strong>\u00fcberdachten Wasserbereichs<\/strong>noch viel mehr!  <\/p>\n\n\n\n<p class=\"has-text-align-center\">Mit der Familie oder mit Freunden k\u00f6nnen Sie alle Wassersporteinrichtungen nutzen, die auf unserem <strong>4-Sterne-Campingplatz<\/strong> angeboten werden. Er liegt ideal in der N\u00e4he von<strong> Fort Mahon<\/strong>, <strong>Le Crotoy<\/strong> und dem <strong>Parc du Marquenterre<\/strong>.<\/p>\n\n\n\n<div class=\"wp-container-69de28af47e7f wp-block-buttons\">\n<div class=\"wp-block-button btn_resa\"><a class=\"wp-block-button__link\"><i class=\"fa-light fa-calendar\"><\/i>  Jetzt buchen<\/a><\/div>\n<\/div>\n<\/div>\n\n\n\n<div class=\"wp-block-column is-vertically-aligned-bottom mob--display inter--display\" style=\"flex-basis:25%\">\n<figure class=\"wp-block-image size-full feuille\"><img width=\"181\" height=\"271\" src=\"https:\/\/www.camping-lechampneuf.com\/wp-content\/uploads\/2023\/01\/feuille-1.png\" alt=\"\" class=\"wp-image-564\"\/><\/figure>\n<\/div>\n<\/div>\n\n\n\n<div class=\"wp-block-columns alignfull B-20 deco--vague-2 has-bleu-clair-background-color has-background\">\n<div class=\"wp-block-column\">\n<p class=\"has-text-align-right titre\">au\u00dfergew\u00f6hnlich<\/p>\n\n\n\n<h2 class=\"h1\" id=\"l-espace-aquatique-de-notre-camping-pres-de-fort-mahon\">Der Wasserbereich unseres Campingplatzes in der N\u00e4he von Fort Mahon<\/h2>\n\n\n\n<p>Genie\u00dfen Sie den Badespa\u00df mit der ganzen Familie in unserem Wasserpark auf dem Campingplatz Le Champ Neuf in der N\u00e4he von Fort Mahon und dem Parc du Marquenterre. In unserem gro\u00dfen Wasserbereich mit <strong>Rutschen<\/strong>, <strong>Whirlpool<\/strong>, <strong>Wasserfall<\/strong>, <strong>Str\u00f6mungskanal<\/strong> und <strong>Wasserspielen<\/strong> f\u00fcr Kinder k\u00f6nnen Sie schwimmen, sich entspannen und sich angenehm am\u00fcsieren.<\/p>\n\n\n\n<div class=\"wp-block-group lire-plus-mobile\"><div class=\"wp-block-group__inner-container\">\n<p>Lesen Sie mehr<\/p>\n\n\n\n<div class=\"wp-container-69de28af486b5 wp-block-group\"><div class=\"wp-block-group__inner-container\">\n<p>Das beheizte Hallenbad des Campingplatzes ist ab April ge\u00f6ffnet und bietet Ihnen eine tropische Atmosph\u00e4re. Der Vorteil unseres Pools ist, dass Sie ihn bis zur Schlie\u00dfung des Campingplatzes nutzen k\u00f6nnen. Auch die Kleinsten k\u00f6nnen sich in ihrem privilegierten Bereich ruhig vergn\u00fcgen.<\/p>\n\n\n\n<p>Nach einem kurzen Moment im Wasser, Entspannung unter dem Wasserfall oder auf der Bank des  <strong>Whirlpool<\/strong>  oder infolge einiger Razzien auf  <strong>Pentaglyphen<\/strong>  und Rutsche f\u00fcr die Unerschrockenen, k\u00f6nnen Sie sich auf den  <strong>Liegest\u00fchle<\/strong>  im Pool oder drau\u00dfen auf der Terrasse.<\/p>\n<\/div><\/div>\n<\/div><\/div>\n\n\n\n<ul class=\"pictos col-3 mob--pictos-column\"><li><i class=\"fa-light fa-person-sledding\"><\/i>  Rutsche<\/li><li><i class=\"fa-light fa-umbrella-beach\"><\/i>  Liegest\u00fchle<\/li><li><i class=\"fa-light fa-water\"><\/i>  Planschbecken<\/li><\/ul>\n\n\n\n<div class=\"wp-container-69de28af48bc3 wp-block-buttons\">\n<div class=\"wp-block-button\"><a class=\"wp-block-button__link\" href=\"https:\/\/www.camping-lechampneuf.com\/de\/fotogalerie\/?galerie=piscine\"><i class=\"fa-light fa-image\"><\/i>  In Bildern ansehen<\/a><\/div>\n<\/div>\n<\/div>\n\n\n\n<div class=\"wp-block-column is-vertically-aligned-center mob--order\" style=\"flex-basis:60%\">\n<figure class=\"wp-block-gallery has-nested-images columns-default is-cropped diaporama--2\">\n<figure class=\"wp-block-image size-large\"><img width=\"1024\" height=\"440\" src=\"https:\/\/www.camping-lechampneuf.com\/wp-content\/uploads\/2023\/01\/camping-espace-aquatique-1024x440.jpg\" alt=\"\" class=\"wp-image-909\" srcset=\"https:\/\/www.camping-lechampneuf.com\/wp-content\/uploads\/2023\/01\/camping-espace-aquatique-1024x440.jpg 1024w, https:\/\/www.camping-lechampneuf.com\/wp-content\/uploads\/2023\/01\/camping-espace-aquatique-300x129.jpg 300w, https:\/\/www.camping-lechampneuf.com\/wp-content\/uploads\/2023\/01\/camping-espace-aquatique-768x330.jpg 768w, https:\/\/www.camping-lechampneuf.com\/wp-content\/uploads\/2023\/01\/camping-espace-aquatique-1536x660.jpg 1536w, https:\/\/www.camping-lechampneuf.com\/wp-content\/uploads\/2023\/01\/camping-espace-aquatique.jpg 2000w\" sizes=\"(max-width: 1024px) 100vw, 1024px\" \/><\/figure>\n\n\n\n<figure class=\"wp-block-image size-large\"><img width=\"1024\" height=\"562\" src=\"https:\/\/www.camping-lechampneuf.com\/wp-content\/uploads\/2023\/01\/jeuxaquatiqueenfant-piscine-camping-1024x562.jpg\" alt=\"\" class=\"wp-image-987\" srcset=\"https:\/\/www.camping-lechampneuf.com\/wp-content\/uploads\/2023\/01\/jeuxaquatiqueenfant-piscine-camping-1024x562.jpg 1024w, https:\/\/www.camping-lechampneuf.com\/wp-content\/uploads\/2023\/01\/jeuxaquatiqueenfant-piscine-camping-300x165.jpg 300w, https:\/\/www.camping-lechampneuf.com\/wp-content\/uploads\/2023\/01\/jeuxaquatiqueenfant-piscine-camping-768x421.jpg 768w, https:\/\/www.camping-lechampneuf.com\/wp-content\/uploads\/2023\/01\/jeuxaquatiqueenfant-piscine-camping-1536x842.jpg 1536w, https:\/\/www.camping-lechampneuf.com\/wp-content\/uploads\/2023\/01\/jeuxaquatiqueenfant-piscine-camping.jpg 1898w\" sizes=\"(max-width: 1024px) 100vw, 1024px\" \/><\/figure>\n\n\n\n<figure class=\"wp-block-image size-large\"><img width=\"768\" height=\"1024\" src=\"https:\/\/www.camping-lechampneuf.com\/wp-content\/uploads\/2023\/03\/image0-768x1024.jpeg\" alt=\"\" class=\"wp-image-2527\" srcset=\"https:\/\/www.camping-lechampneuf.com\/wp-content\/uploads\/2023\/03\/image0-768x1024.jpeg 768w, https:\/\/www.camping-lechampneuf.com\/wp-content\/uploads\/2023\/03\/image0-225x300.jpeg 225w, https:\/\/www.camping-lechampneuf.com\/wp-content\/uploads\/2023\/03\/image0-1152x1536.jpeg 1152w, https:\/\/www.camping-lechampneuf.com\/wp-content\/uploads\/2023\/03\/image0-1536x2048.jpeg 1536w, https:\/\/www.camping-lechampneuf.com\/wp-content\/uploads\/2023\/03\/image0.jpeg 1920w\" sizes=\"(max-width: 768px) 100vw, 768px\" \/><\/figure>\n\n\n\n<figure class=\"wp-block-image size-full\"><img width=\"1024\" height=\"682\" src=\"https:\/\/www.camping-lechampneuf.com\/wp-content\/uploads\/2023\/01\/img_8237-1024x682-1.jpg\" alt=\"\" class=\"wp-image-927\" srcset=\"https:\/\/www.camping-lechampneuf.com\/wp-content\/uploads\/2023\/01\/img_8237-1024x682-1.jpg 1024w, https:\/\/www.camping-lechampneuf.com\/wp-content\/uploads\/2023\/01\/img_8237-1024x682-1-300x200.jpg 300w, https:\/\/www.camping-lechampneuf.com\/wp-content\/uploads\/2023\/01\/img_8237-1024x682-1-768x512.jpg 768w\" sizes=\"(max-width: 1024px) 100vw, 1024px\" \/><\/figure>\n\n\n\n<figure class=\"wp-block-image size-full\"><img width=\"1024\" height=\"683\" src=\"https:\/\/www.camping-lechampneuf.com\/wp-content\/uploads\/2023\/01\/riviere-1024x683-1.jpg\" alt=\"\" class=\"wp-image-923\" srcset=\"https:\/\/www.camping-lechampneuf.com\/wp-content\/uploads\/2023\/01\/riviere-1024x683-1.jpg 1024w, https:\/\/www.camping-lechampneuf.com\/wp-content\/uploads\/2023\/01\/riviere-1024x683-1-300x200.jpg 300w, https:\/\/www.camping-lechampneuf.com\/wp-content\/uploads\/2023\/01\/riviere-1024x683-1-768x512.jpg 768w\" sizes=\"(max-width: 1024px) 100vw, 1024px\" \/><\/figure>\n\n\n\n<figure class=\"wp-block-image size-full\"><img width=\"1000\" height=\"669\" src=\"https:\/\/www.camping-lechampneuf.com\/wp-content\/uploads\/2023\/01\/campinglechampneuf-piscine-somme-gitesdumarquenterre.jpg\" alt=\"\" class=\"wp-image-750\" srcset=\"https:\/\/www.camping-lechampneuf.com\/wp-content\/uploads\/2023\/01\/campinglechampneuf-piscine-somme-gitesdumarquenterre.jpg 1000w, https:\/\/www.camping-lechampneuf.com\/wp-content\/uploads\/2023\/01\/campinglechampneuf-piscine-somme-gitesdumarquenterre-300x201.jpg 300w, https:\/\/www.camping-lechampneuf.com\/wp-content\/uploads\/2023\/01\/campinglechampneuf-piscine-somme-gitesdumarquenterre-768x514.jpg 768w\" sizes=\"(max-width: 1000px) 100vw, 1000px\" \/><\/figure>\n<\/figure>\n\n\n\n<div class=\"wp-container-69de28af492c1 wp-block-buttons\">\n<div class=\"wp-block-button fancybox\"><a class=\"wp-block-button__link has-blanc-color has-bleu-background-color has-text-color has-background\" href=\"https:\/\/www.youtube.com\/watch?v=q_Fr_sRhM5g\" style=\"border-radius:23px\" target=\"_blank\" rel=\"noreferrer noopener\"><i class=\"fa-light fa-play\"><\/i> Entdecken Sie es im Video!<\/a><\/div>\n<\/div>\n<\/div>\n<\/div>\n\n\n\n<div class=\"wp-block-columns alignfull B-25\">\n<div class=\"wp-block-column mob--display\">\n<figure class=\"wp-block-gallery has-nested-images columns-1 is-cropped\">\n<figure class=\"wp-block-image size-full\"><img width=\"1000\" height=\"667\" src=\"https:\/\/www.camping-lechampneuf.com\/wp-content\/uploads\/2023\/01\/piscine-lechampneuf-baiedesomme-somme-gitedumarquenterre.jpg\" alt=\"\" class=\"wp-image-967\" srcset=\"https:\/\/www.camping-lechampneuf.com\/wp-content\/uploads\/2023\/01\/piscine-lechampneuf-baiedesomme-somme-gitedumarquenterre.jpg 1000w, https:\/\/www.camping-lechampneuf.com\/wp-content\/uploads\/2023\/01\/piscine-lechampneuf-baiedesomme-somme-gitedumarquenterre-300x200.jpg 300w, https:\/\/www.camping-lechampneuf.com\/wp-content\/uploads\/2023\/01\/piscine-lechampneuf-baiedesomme-somme-gitedumarquenterre-768x512.jpg 768w\" sizes=\"(max-width: 1000px) 100vw, 1000px\" \/><\/figure>\n\n\n\n<figure class=\"wp-block-image size-large\"><img width=\"1024\" height=\"576\" src=\"https:\/\/www.camping-lechampneuf.com\/wp-content\/uploads\/2023\/01\/vlcsnap-2017-12-13-12h16m22s396-1024x576.jpg\" alt=\"\" class=\"wp-image-971\" srcset=\"https:\/\/www.camping-lechampneuf.com\/wp-content\/uploads\/2023\/01\/vlcsnap-2017-12-13-12h16m22s396-1024x576.jpg 1024w, https:\/\/www.camping-lechampneuf.com\/wp-content\/uploads\/2023\/01\/vlcsnap-2017-12-13-12h16m22s396-300x169.jpg 300w, https:\/\/www.camping-lechampneuf.com\/wp-content\/uploads\/2023\/01\/vlcsnap-2017-12-13-12h16m22s396-768x432.jpg 768w, https:\/\/www.camping-lechampneuf.com\/wp-content\/uploads\/2023\/01\/vlcsnap-2017-12-13-12h16m22s396-1536x864.jpg 1536w, https:\/\/www.camping-lechampneuf.com\/wp-content\/uploads\/2023\/01\/vlcsnap-2017-12-13-12h16m22s396.jpg 1920w\" sizes=\"(max-width: 1024px) 100vw, 1024px\" \/><\/figure>\n<\/figure>\n<\/div>\n\n\n\n<div class=\"wp-block-column has-blanc-background-color has-background\">\n<p class=\"has-text-align-center titre\">Animationen<\/p>\n\n\n\n<p class=\"has-text-align-center h1\">N\u00e4chtliche Poolpartys!<\/p>\n\n\n\n<ul class=\"pictos centre mob--pictos-column\"><li><i class=\"fa-light fa-party-bell\"><\/i>  Poolpartys<\/li><li><i class=\"fa-light fa-stars\"><\/i>  N\u00e4chtliche Animationen<\/li><\/ul>\n\n\n\n<p class=\"has-text-align-center\">Die Partys finden in der Hochsaison statt, im Juli und August und am Pfingstwochenende.<\/p>\n\n\n\n<div class=\"wp-container-69de28af49865 wp-block-buttons\">\n<div class=\"wp-block-button\"><a class=\"wp-block-button__link\" href=\"https:\/\/www.camping-lechampneuf.com\/de\/aktivitaeten-animationen\/\"><i class=\"fa-light fa-arrow-right\"><\/i>  Unsere anderen Animationen<\/a><\/div>\n<\/div>\n<\/div>\n\n\n\n<div class=\"wp-block-column mob--order\">\n<figure class=\"wp-block-gallery has-nested-images columns-1 is-cropped\">\n<figure class=\"wp-block-image size-full\"><img width=\"1000\" height=\"563\" src=\"https:\/\/www.camping-lechampneuf.com\/wp-content\/uploads\/2023\/01\/champneuf-camping-gitesdumarquenterre-baiedesomme.jpg\" alt=\"\" class=\"wp-image-975\" srcset=\"https:\/\/www.camping-lechampneuf.com\/wp-content\/uploads\/2023\/01\/champneuf-camping-gitesdumarquenterre-baiedesomme.jpg 1000w, https:\/\/www.camping-lechampneuf.com\/wp-content\/uploads\/2023\/01\/champneuf-camping-gitesdumarquenterre-baiedesomme-300x169.jpg 300w, https:\/\/www.camping-lechampneuf.com\/wp-content\/uploads\/2023\/01\/champneuf-camping-gitesdumarquenterre-baiedesomme-768x432.jpg 768w\" sizes=\"(max-width: 1000px) 100vw, 1000px\" \/><\/figure>\n\n\n\n<figure class=\"wp-block-image size-large mob--display\"><img width=\"1024\" height=\"685\" src=\"https:\/\/www.camping-lechampneuf.com\/wp-content\/uploads\/2023\/01\/049-2-1-1024x685.jpg\" alt=\"\" class=\"wp-image-919\" srcset=\"https:\/\/www.camping-lechampneuf.com\/wp-content\/uploads\/2023\/01\/049-2-1-1024x685.jpg 1024w, https:\/\/www.camping-lechampneuf.com\/wp-content\/uploads\/2023\/01\/049-2-1-300x201.jpg 300w, https:\/\/www.camping-lechampneuf.com\/wp-content\/uploads\/2023\/01\/049-2-1-768x514.jpg 768w, https:\/\/www.camping-lechampneuf.com\/wp-content\/uploads\/2023\/01\/049-2-1-1536x1028.jpg 1536w, https:\/\/www.camping-lechampneuf.com\/wp-content\/uploads\/2023\/01\/049-2-1.jpg 2000w\" sizes=\"(max-width: 1024px) 100vw, 1024px\" \/><\/figure>\n<\/figure>\n<\/div>\n<\/div>\n\n\n\n<div class=\"wp-block-columns alignfull are-vertically-aligned-center B-15\">\n<div class=\"wp-block-column is-vertically-aligned-center\" style=\"flex-basis:60%\">\n<h2 class=\"has-text-align-right\" id=\"camping-baie-de-somme-avec-piscine-couverte-informations-utiles\">Camping baie de somme mit Hallenbad: n\u00fctzliche Informationen<\/h2>\n\n\n\n<figure class=\"wp-block-image size-full\"><img width=\"986\" height=\"660\" src=\"https:\/\/www.camping-lechampneuf.com\/wp-content\/uploads\/2023\/01\/tibo_2011_58421.jpg\" alt=\"\" class=\"wp-image-587\" srcset=\"https:\/\/www.camping-lechampneuf.com\/wp-content\/uploads\/2023\/01\/tibo_2011_58421.jpg 986w, https:\/\/www.camping-lechampneuf.com\/wp-content\/uploads\/2023\/01\/tibo_2011_58421-300x201.jpg 300w, https:\/\/www.camping-lechampneuf.com\/wp-content\/uploads\/2023\/01\/tibo_2011_58421-768x514.jpg 768w\" sizes=\"(max-width: 986px) 100vw, 986px\" \/><\/figure>\n<\/div>\n\n\n\n<div class=\"wp-block-column is-vertically-aligned-center has-blanc-background-color has-background\">\n<p class=\"h1\">Entdecken Sie unseren Pool<\/p>\n\n\n\n<ul class=\"pictos has-noir-color has-text-color\"><li><i class=\"fa-light fa-child\"><\/i>  Kinder m\u00fcssen in den Pool begleitet werden und immer unter der Aufsicht ihrer Eltern stehen, die die Verantwortung f\u00fcr sie tragen.<\/li><li><i class=\"fa-light fa-watch-fitness\"><\/i>  Das Tragen des Armbands ist f\u00fcr jede Person obligatorisch. Personen ohne Armband wird der Zugang zum Schwimmbad verweigert.<\/li><\/ul>\n\n\n\n<div class=\"wp-block-group lire-plus-mobile\"><div class=\"wp-block-group__inner-container\">\n<p>Lesen Sie mehr<\/p>\n\n\n\n<div class=\"wp-container-69de28af49f6e wp-block-group\"><div class=\"wp-block-group__inner-container\">\n<ul class=\"pictos has-noir-color has-text-color\"><li><i class=\"fa-light fa-circle-exclamation\"><\/i>  Badeshorts sind im Pool nicht erlaubt, nur Badeslips sind erlaubt.<\/li><li><i class=\"fa-light fa-shower\"><\/i>  Bestimmte Anweisungen sind zu befolgen, z. B. der Gang zur Dusche und zum Fu\u00dfbad, das Verbot, im Schwimmbad Schuhe zu tragen, und der Verzehr von Getr\u00e4nken und Speisen an den Str\u00e4nden des Schwimmbads&#8230;<\/li><li><i class=\"fa-light fa-person-sledding\"><\/i>  Wir bitten Sie, die Hinweise zur Benutzung der Rutschen zu beachten.<\/li><li><i class=\"fa-light fa-water-ladder\"><\/i>  Die Tiefe des Pools ist progressiv von 0,70 m bis 1,40 m.<\/li><\/ul>\n<\/div><\/div>\n<\/div><\/div>\n<\/div>\n<\/div>\n","protected":false},"excerpt":{"rendered":"<p>Wassersport Campingplatz in der Baie de Somme mit beheiztem Hallenbad Auf der Suche nach einem Campingplatz in der Sommebucht mit \u00fcberdachtem und beheiztem Schwimmbad? Auf dem Campingplatz Le Champ Neuf bieten wir Ihnen dank des gro\u00dfen, \u00fcberdachten Wasserbereichsnoch viel mehr! Mit der Familie oder mit Freunden k\u00f6nnen Sie alle Wassersporteinrichtungen nutzen, die auf unserem 4-Sterne-Campingplatz [&hellip;]<\/p>\n","protected":false},"author":1,"featured_media":0,"parent":0,"menu_order":0,"comment_status":"closed","ping_status":"closed","template":"","meta":[],"acf":[],"_links":{"self":[{"href":"https:\/\/www.camping-lechampneuf.com\/de\/wp-json\/wp\/v2\/pages\/1729"}],"collection":[{"href":"https:\/\/www.camping-lechampneuf.com\/de\/wp-json\/wp\/v2\/pages"}],"about":[{"href":"https:\/\/www.camping-lechampneuf.com\/de\/wp-json\/wp\/v2\/types\/page"}],"author":[{"embeddable":true,"href":"https:\/\/www.camping-lechampneuf.com\/de\/wp-json\/wp\/v2\/users\/1"}],"replies":[{"embeddable":true,"href":"https:\/\/www.camping-lechampneuf.com\/de\/wp-json\/wp\/v2\/comments?post=1729"}],"version-history":[{"count":5,"href":"https:\/\/www.camping-lechampneuf.com\/de\/wp-json\/wp\/v2\/pages\/1729\/revisions"}],"predecessor-version":[{"id":5597,"href":"https:\/\/www.camping-lechampneuf.com\/de\/wp-json\/wp\/v2\/pages\/1729\/revisions\/5597"}],"wp:attachment":[{"href":"https:\/\/www.camping-lechampneuf.com\/de\/wp-json\/wp\/v2\/media?parent=1729"}],"curies":[{"name":"wp","href":"https:\/\/api.w.org\/{rel}","templated":true}]}}