{"id":1737,"date":"2023-01-26T10:34:53","date_gmt":"2023-01-26T09:34:53","guid":{"rendered":"https:\/\/www.camping-lechampneuf.com\/haeufig-gestellte-fragen\/"},"modified":"2023-01-26T15:27:30","modified_gmt":"2023-01-26T14:27:30","slug":"haeufig-gestellte-fragen","status":"publish","type":"page","link":"https:\/\/www.camping-lechampneuf.com\/de\/haeufig-gestellte-fragen\/","title":{"rendered":"H\u00e4ufig gestellte Fragen"},"content":{"rendered":"\n<div class=\"wp-block-columns B-05\">\n<div class=\"wp-block-column mob--opacity mob--absolute inter--opacity inter--absolute\" style=\"flex-basis:25%\">\n<figure class=\"wp-block-image size-full is-resized feuille\"><img src=\"https:\/\/www.camping-lechampneuf.com\/wp-content\/uploads\/2023\/01\/feuille-2.png\" alt=\"\" class=\"wp-image-560\" width=\"181\" height=\"294\"\/><\/figure><\/div>\n\n\n\n<div class=\"wp-block-column\">\n<p class=\"has-text-align-center titre\">FAQ<\/p>\n\n\n\n<h1 class=\"has-text-align-center\" id=\"foire-aux-questions\">H\u00e4ufig gestellte Fragen<\/h1>\n\n\n\n<p class=\"has-text-align-center\">Eine Frage? Wir haben die Antwort!<\/p>\n\n\n\n<div class=\"wp-container-69e0e75f74e7f wp-block-buttons\">\n<div class=\"wp-block-button\"><a class=\"wp-block-button__link\" href=\"https:\/\/www.camping-lechampneuf.com\/de\/kontakt\/\">Kontaktieren Sie uns<\/a><\/div>\n<\/div>\n<\/div>\n\n\n\n<div class=\"wp-block-column is-vertically-aligned-bottom mob--display inter--display\" style=\"flex-basis:25%\">\n<figure class=\"wp-block-image size-full feuille\"><img width=\"181\" height=\"271\" src=\"https:\/\/www.camping-lechampneuf.com\/wp-content\/uploads\/2023\/01\/feuille-1.png\" alt=\"\" class=\"wp-image-564\"\/><\/figure><\/div>\n<\/div>\n\n<section class=\"wp-container-69e0e75f790de wp-block-group faq\"><div class=\"wp-block-group__inner-container\">\n<div class=\"wp-block-group accordeon\"><div class=\"wp-block-group__inner-container\">\n<p>Wie sind die An- und Abreisezeiten?<\/p>\n\n\n\n<div class=\"wp-container-69e0e75f7520e wp-block-group\"><div class=\"wp-block-group__inner-container\">\n<p>Die Anreise erfolgt ab 15 Uhr und die Abreise ab 10 Uhr.<\/p>\n<\/div><\/div>\n<\/div><\/div>\n\n\n\n<div class=\"wp-block-group accordeon\"><div class=\"wp-block-group__inner-container\">\n<p>Gibt es Wifi auf dem Campingplatz?<\/p>\n\n\n\n<div class=\"wp-container-69e0e75f75552 wp-block-group\"><div class=\"wp-block-group__inner-container\">\n<p>Wifi ist von Ihrem Stellplatz aus verf\u00fcgbar und ist kostenpflichtig ( 24 h: 2 \u20ac, 48 h: 4 \u20ac, 3 Tage: 6 \u20ac, 4 Tage: 7 \u20ac, 1 Woche 10 \u20ac, etc&#8230;).<\/p>\n<\/div><\/div>\n<\/div><\/div>\n\n\n\n<div class=\"wp-block-group accordeon\"><div class=\"wp-block-group__inner-container\">\n<p>Ist es m\u00f6glich, unseren eigenen Grill mitzubringen?<\/p>\n\n\n\n<div class=\"wp-container-69e0e75f75871 wp-block-group\"><div class=\"wp-block-group__inner-container\">\n<p>Sie k\u00f6nnen Ihren Grill mitbringen, allerdings k\u00f6nnen Sie f\u00fcr unsere Mietunterk\u00fcnfte einen Grill anfordern, indem Sie sich an die Rezeption wenden. F\u00fcr die Durchgangspl\u00e4tze bieten wir Mietunterk\u00fcnfte an.<\/p>\n<\/div><\/div>\n<\/div><\/div>\n\n\n\n<div class=\"wp-block-group accordeon\"><div class=\"wp-block-group__inner-container\">\n<p>Mein Mobilheim ist am Samstag vor 15 Uhr verf\u00fcgbar. Ist es m\u00f6glich, fr\u00fcher in meiner Unterkunft anzukommen?<\/p>\n\n\n\n<div class=\"wp-container-69e0e75f75b85 wp-block-group\"><div class=\"wp-block-group__inner-container\">\n<p>Sie m\u00fcssen den Campingplatz am Tag vor Ihrer Ankunft kontaktieren und wir werden Ihnen mitteilen, ob das Mobilheim verf\u00fcgbar ist.<\/p>\n<\/div><\/div>\n<\/div><\/div>\n\n\n\n<div class=\"wp-block-group accordeon\"><div class=\"wp-block-group__inner-container\">\n<p>Welche Zahlungsmittel akzeptieren Sie?<\/p>\n\n\n\n<div class=\"wp-container-69e0e75f75e92 wp-block-group\"><div class=\"wp-block-group__inner-container\">\n<p>Wir akzeptieren: Kreditkarte, Scheck, Bank\u00fcberweisung, Bargeld, Urlaubsschecks und Essensgutscheine.<\/p>\n<\/div><\/div>\n<\/div><\/div>\n\n\n\n<div class=\"wp-block-group accordeon\"><div class=\"wp-block-group__inner-container\">\n<p>Kann man vor Ort Fahrr\u00e4der mieten?<\/p>\n\n\n\n<div class=\"wp-container-69e0e75f761cb wp-block-group\"><div class=\"wp-block-group__inner-container\">\n<p>Es gibt die M\u00f6glichkeit, Fahrr\u00e4der \u00fcber einen Anbieter zu mieten, \u00fcber den Sie sich an der Rezeption informieren k\u00f6nnen.<\/p>\n<\/div><\/div>\n<\/div><\/div>\n\n\n\n<div class=\"wp-block-group accordeon\"><div class=\"wp-block-group__inner-container\">\n<p>Bieten Sie auf dem Campingplatz Animationen an?<\/p>\n\n\n\n<div class=\"wp-container-69e0e75f764e4 wp-block-group\"><div class=\"wp-block-group__inner-container\">\n<p>Wir bieten Animationen und Dienstleistungen je nach Jahreszeit an. In der Hochsaison (Juli und August) wird hingegen ein Kinderclub angeboten.<\/p>\n<\/div><\/div>\n<\/div><\/div>\n\n\n\n<div class=\"wp-block-group accordeon\"><div class=\"wp-block-group__inner-container\">\n<p>Ist das Tragen eines Armbands obligatorisch?<\/p>\n\n\n\n<div class=\"wp-container-69e0e75f767e3 wp-block-group\"><div class=\"wp-block-group__inner-container\">\n<p>Ohne die Armb\u00e4nder wird der Eintritt in den Wasserbereich verweigert.<\/p>\n<\/div><\/div>\n<\/div><\/div>\n\n\n\n<div class=\"wp-block-group accordeon\"><div class=\"wp-block-group__inner-container\">\n<p>Muss ich den Restbetrag f\u00fcr meine Buchung bezahlen?<\/p>\n\n\n\n<div class=\"wp-container-69e0e75f76af3 wp-block-group\"><div class=\"wp-block-group__inner-container\">\n<p>Der Saldo der Reservierungen f\u00fcr Mietunterk\u00fcnfte muss 15 Tage vor Ihrer Ankunft erfolgen, f\u00fcr Stellpl\u00e4tze erfolgt der Saldo bei Ihrer Ankunft auf dem Campingplatz.<\/p>\n<\/div><\/div>\n<\/div><\/div>\n\n\n\n<div class=\"wp-block-group accordeon\"><div class=\"wp-block-group__inner-container\">\n<p>Werden Bettw\u00e4sche und Handt\u00fccher bereitgestellt?<\/p>\n\n\n\n<div class=\"wp-container-69e0e75f76e17 wp-block-group\"><div class=\"wp-block-group__inner-container\">\n<p>Sie m\u00fcssen Ihre Bettw\u00e4sche und Handt\u00fccher selbst mitbringen, allerdings k\u00f6nnen Sie bei der Buchung Einwegbettw\u00e4sche mieten.<\/p>\n<\/div><\/div>\n<\/div><\/div>\n\n\n\n<div class=\"wp-block-group accordeon\"><div class=\"wp-block-group__inner-container\">\n<p>Sind Badeshorts erlaubt?<\/p>\n\n\n\n<div class=\"wp-container-69e0e75f7713f wp-block-group\"><div class=\"wp-block-group__inner-container\">\n<p>Wir akzeptieren keine Badeshorts.<\/p>\n<\/div><\/div>\n<\/div><\/div>\n\n\n\n<div class=\"wp-block-group accordeon\"><div class=\"wp-block-group__inner-container\">\n<p>Sind Tiere auf dem Campingplatz erlaubt?<\/p>\n\n\n\n<div class=\"wp-container-69e0e75f77541 wp-block-group\"><div class=\"wp-block-group__inner-container\">\n<p>Haustiere sind gegen einen Aufpreis erlaubt.<\/p>\n<\/div><\/div>\n<\/div><\/div>\n\n\n\n<div class=\"wp-block-group accordeon\"><div class=\"wp-block-group__inner-container\">\n<p>Kann ich ein zweites Fahrzeug in der N\u00e4he meines Mobilheims parken?<\/p>\n\n\n\n<div class=\"wp-container-69e0e75f7786c wp-block-group\"><div class=\"wp-block-group__inner-container\">\n<p>Auf dem Stellplatz ist nur ein Fahrzeug erlaubt, alle anderen Fahrzeuge m\u00fcssen drau\u00dfen auf dem Parkplatz des Campingplatzes bleiben.<\/p>\n<\/div><\/div>\n<\/div><\/div>\n\n\n\n<div class=\"wp-block-group accordeon\"><div class=\"wp-block-group__inner-container\">\n<p>Was tun bei versp\u00e4teter Ankunft?<\/p>\n\n\n\n<div class=\"wp-container-69e0e75f77b7a wp-block-group\"><div class=\"wp-block-group__inner-container\">\n<p>Sie k\u00f6nnen dies bei Ihrer Buchung in den Kommentaren oder telefonisch auf dem Campingplatz angeben.<\/p>\n<\/div><\/div>\n<\/div><\/div>\n\n\n\n<div class=\"wp-block-group accordeon\"><div class=\"wp-block-group__inner-container\">\n<p>Werden Caf-Gutscheine akzeptiert?<\/p>\n\n\n\n<div class=\"wp-container-69e0e75f77e94 wp-block-group\"><div class=\"wp-block-group__inner-container\">\n<p>Da der Campingplatz nicht von Vacaf anerkannt ist, kann er keine Gutscheine annehmen.<\/p>\n<\/div><\/div>\n<\/div><\/div>\n\n\n\n<div class=\"wp-block-group accordeon\"><div class=\"wp-block-group__inner-container\">\n<p>Bieten Sie Haushaltspauschalen an?<\/p>\n\n\n\n<div class=\"wp-container-69e0e75f781c3 wp-block-group\"><div class=\"wp-block-group__inner-container\">\n<p>Wir bieten Reinigungspakete an, diese finden Sie bei der Buchung unter den Optionen.<\/p>\n<\/div><\/div>\n<\/div><\/div>\n\n\n\n<div class=\"wp-block-group accordeon\"><div class=\"wp-block-group__inner-container\">\n<p>Ist es m\u00f6glich, einen K\u00fchlschrank f\u00fcr Camper zu mieten?<\/p>\n\n\n\n<div class=\"wp-container-69e0e75f784cf wp-block-group\"><div class=\"wp-block-group__inner-container\">\n<p>Ja, es ist gegen Aufpreis m\u00f6glich und sollte am besten vorab gebucht werden.<\/p>\n<\/div><\/div>\n<\/div><\/div>\n\n\n\n<div class=\"wp-block-group accordeon\"><div class=\"wp-block-group__inner-container\">\n<p>Wo befindet sich der n\u00e4chstgelegene SNCF-Bahnhof?<\/p>\n\n\n\n<div class=\"wp-container-69e0e75f787e7 wp-block-group\"><div class=\"wp-block-group__inner-container\">\n<p>In Rue, 7 km entfernt<\/p>\n<\/div><\/div>\n<\/div><\/div>\n\n\n\n<div class=\"wp-block-group accordeon\"><div class=\"wp-block-group__inner-container\">\n<p>Ist es m\u00f6glich, ein Babybett oder einen Hochstuhl zu mieten?<\/p>\n\n\n\n<div class=\"wp-container-69e0e75f78ae7 wp-block-group\"><div class=\"wp-block-group__inner-container\">\n<p>Ja, das ist gegen Aufpreis m\u00f6glich.<\/p>\n<\/div><\/div>\n<\/div><\/div>\n\n\n\n<div class=\"wp-block-group accordeon\"><div class=\"wp-block-group__inner-container\">\n<p>Haben Sie PMR-Unterk\u00fcnfte?<\/p>\n\n\n\n<div class=\"wp-container-69e0e75f78e15 wp-block-group\"><div class=\"wp-block-group__inner-container\">\n<p>Wir besitzen nur ein Mobilheim PMR.<\/p>\n<\/div><\/div>\n<\/div><\/div>\n<\/div><\/section>\n","protected":false},"excerpt":{"rendered":"<p>FAQ H\u00e4ufig gestellte Fragen Eine Frage? Wir haben die Antwort!<\/p>\n","protected":false},"author":1,"featured_media":0,"parent":0,"menu_order":0,"comment_status":"closed","ping_status":"closed","template":"","meta":[],"acf":[],"_links":{"self":[{"href":"https:\/\/www.camping-lechampneuf.com\/de\/wp-json\/wp\/v2\/pages\/1737"}],"collection":[{"href":"https:\/\/www.camping-lechampneuf.com\/de\/wp-json\/wp\/v2\/pages"}],"about":[{"href":"https:\/\/www.camping-lechampneuf.com\/de\/wp-json\/wp\/v2\/types\/page"}],"author":[{"embeddable":true,"href":"https:\/\/www.camping-lechampneuf.com\/de\/wp-json\/wp\/v2\/users\/1"}],"replies":[{"embeddable":true,"href":"https:\/\/www.camping-lechampneuf.com\/de\/wp-json\/wp\/v2\/comments?post=1737"}],"version-history":[{"count":4,"href":"https:\/\/www.camping-lechampneuf.com\/de\/wp-json\/wp\/v2\/pages\/1737\/revisions"}],"predecessor-version":[{"id":1976,"href":"https:\/\/www.camping-lechampneuf.com\/de\/wp-json\/wp\/v2\/pages\/1737\/revisions\/1976"}],"wp:attachment":[{"href":"https:\/\/www.camping-lechampneuf.com\/de\/wp-json\/wp\/v2\/media?parent=1737"}],"curies":[{"name":"wp","href":"https:\/\/api.w.org\/{rel}","templated":true}]}}