{"id":1773,"date":"2023-01-26T10:43:31","date_gmt":"2023-01-26T09:43:31","guid":{"rendered":"https:\/\/www.camping-lechampneuf.com\/mobilheime-chalets\/"},"modified":"2024-03-08T11:29:47","modified_gmt":"2024-03-08T10:29:47","slug":"mobilheime-chalets","status":"publish","type":"page","link":"https:\/\/www.camping-lechampneuf.com\/de\/mobilheime-chalets\/","title":{"rendered":"Mobilheime &amp; Chalets"},"content":{"rendered":"\n<div class=\"wp-block-cover alignfull banniere-logo deco--vague\"><span aria-hidden=\"true\" class=\"has-background-dim-0 wp-block-cover__gradient-background has-background-dim\"><\/span><img width=\"2048\" height=\"1105\" class=\"wp-block-cover__image-background wp-image-1203\" alt=\"\" src=\"https:\/\/www.camping-lechampneuf.com\/wp-content\/uploads\/2023\/01\/DSC05428_DxO.webp\" data-object-fit=\"cover\" srcset=\"https:\/\/www.camping-lechampneuf.com\/wp-content\/uploads\/2023\/01\/DSC05428_DxO.webp 2048w, https:\/\/www.camping-lechampneuf.com\/wp-content\/uploads\/2023\/01\/DSC05428_DxO-300x162.webp 300w, https:\/\/www.camping-lechampneuf.com\/wp-content\/uploads\/2023\/01\/DSC05428_DxO-1024x553.webp 1024w, https:\/\/www.camping-lechampneuf.com\/wp-content\/uploads\/2023\/01\/DSC05428_DxO-768x414.webp 768w, https:\/\/www.camping-lechampneuf.com\/wp-content\/uploads\/2023\/01\/DSC05428_DxO-1536x829.webp 1536w\" sizes=\"(max-width: 2048px) 100vw, 2048px\" \/><div class=\"wp-block-cover__inner-container\">\n<p class=\"has-text-align-center has-large-font-size\"><\/p>\n<\/div><\/div>\n\n<div class=\"wp-block-columns B-05\">\n<div class=\"wp-block-column mob--absolute mob--opacity inter--absolute inter--opacity\" style=\"flex-basis:25%\">\n<figure class=\"wp-block-image size-full is-resized feuille\"><img src=\"https:\/\/www.camping-lechampneuf.com\/wp-content\/uploads\/2023\/01\/feuille-2.png\" alt=\"\" class=\"wp-image-560\" width=\"181\" height=\"294\"\/><\/figure>\n<\/div>\n\n\n\n<div class=\"wp-block-column inter--padding-06\">\n<p class=\"has-text-align-center titre\">Komfort<\/p>\n\n\n\n<h1 class=\"has-text-align-center\" id=\"locations-de-chalets-et-mobil-homes-en-baie-de-somme-pres-de-fort-mahon\">Vermietung von Chalets und Mobilheimen in der Sommebucht in der N\u00e4he von Fort Mahon<\/h1>\n\n\n\n<p class=\"has-text-align-center\">Die  <strong>vermietung eines mobilheims in der bucht von somme <\/strong>am  <strong>4-Sterne-Campingplatz Le Champ Neuf<\/strong> k\u00f6nnen Sie einen sch\u00f6nen Urlaub mit allem, was Sie brauchen, verbringen.  <strong>Komfort<\/strong>, wie zu Hause, aber inmitten der Natur, nur wenige Schritte vom  <strong>parc du Marquenterre<\/strong> und unumg\u00e4ngliche Orte wie<strong> Saint Valery sur Somme<\/strong>, <strong>Quend plage<\/strong>, <strong>Le Crotoy<\/strong>, <strong>Fort Mahon<\/strong> usw.  <\/p>\n\n\n\n<p class=\"has-text-align-center\">Damit haben Sie den idealen Ausgangspunkt, um die Region w\u00e4hrend Ihres <strong>Campingurlaubs in der Somme-Bucht<\/strong> zu erkunden.<\/p>\n\n\n\n<div class=\"wp-container-69f410a42b7ca wp-block-buttons\">\n<div class=\"wp-block-button btn_resa_loc\"><a class=\"wp-block-button__link has-background\" style=\"background-color:#b1e0a8\"><i class=\"fa-light fa-calendar\"><\/i>  Jetzt buchen<\/a><\/div>\n<\/div>\n<\/div>\n\n\n\n<div class=\"wp-block-column is-vertically-aligned-bottom mob--display inter--display\" style=\"flex-basis:25%\">\n<figure class=\"wp-block-image size-full feuille\"><img width=\"181\" height=\"271\" src=\"https:\/\/www.camping-lechampneuf.com\/wp-content\/uploads\/2023\/01\/feuille-1.png\" alt=\"\" class=\"wp-image-564\"\/><\/figure>\n<\/div>\n<\/div>\n\n<div class=\"wp-block-columns alignfull are-vertically-aligned-center B-10 deco--vague-3 has-bleu-clair-background-color has-background\">\n<div class=\"wp-block-column is-vertically-aligned-center\">\n<div class=\"wp-container-69f410a42bd89 wp-block-group\"><div class=\"wp-block-group__inner-container\">\n<p class=\"titre\">Mobilheim Komfort<\/p>\n\n\n\n<h2 class=\"h1\" id=\"sejour-en-camping-en-baie-de-somme-au-champ-neuf\">Aufenthalt in einer Mobilheimvermietung in der Somme-Bucht<\/h2>\n\n\n\n<p>Jede Ferienunterkunft wird auf einem durch eine vielf\u00e4ltige Vegetation abgegrenzten Platz eingerichtet, sodass Sie von einem individuell gestalteten Raum profitieren k\u00f6nnen. Ihr Fahrzeug kann auf dem Stellplatz des <strong>Mobilheims<\/strong> oder <strong>Chalets<\/strong> geparkt werden.<\/p>\n\n\n\n<p>Der <strong>Grill<\/strong> ist in der Vermietung von Mobilheimen inbegriffen.<\/p>\n<\/div><\/div>\n\n\n\n<div class=\"wp-container-69f410a42c235 wp-block-group\"><div class=\"wp-block-group__inner-container\">\n<h3 id=\"sejour-en-camping-en-baie-de-somme-au-champ-neuf\">Buchen Sie Ihren Aufenthalt in der Nebensaison in der N\u00e4he von Fort Mahon, Quend-plage und Le Crotoy<\/h3>\n\n\n\n<p>In der Nebensaison k\u00f6nnen Sie Ihren <strong>Aufenthalt in der Baie de Somme<\/strong> ganz nach Ihren W\u00fcnschen zusammenstellen: eine Nacht, mehrere N\u00e4chte, eine Woche &#8230; mit freier Wahl des Ankunftstages.<\/p>\n<\/div><\/div>\n\n\n\n<div class=\"wp-container-69f410a42c6af wp-block-group\"><div class=\"wp-block-group__inner-container\">\n<h3 id=\"reserver-son-sejour-en-haute-saison-pres-de-fort-mahon-quend-plage-et-le-crotoy\">Buchen Sie Ihren Aufenthalt in der Hochsaison in der N\u00e4he von Fort Mahon, Quend-plage und Le Crotoy<\/h3>\n\n\n\n<p>W\u00e4hrend der Saison sind die <strong>Mietobjekte<\/strong> wochenweise verf\u00fcgbar. Der An- und Abreisetag ist je nach Unterkunft Freitag, Samstag oder Sonntag. Am Anreisetag stehen die Unterk\u00fcnfte ab 16 Uhr zur Verf\u00fcgung und werden am Abreisetag gegen 10 Uhr ger\u00e4umt. Bei versp\u00e4teter Ankunft bitten wir Sie, uns dies mitzuteilen. Wenn Ihnen das Mieten <strong>eines Mobilheims oder Chalets<\/strong> nicht zusagt, bieten wir auch die<a href=\"https:\/\/www.camping-lechampneuf.com\/de\/ferienhaeuser\/\" data-type=\"page\" data-id=\"1088\"> Vermietung von Ferienh\u00e4usern in der Somme-Bucht<\/a> oder von <a href=\"https:\/\/www.camping-lechampneuf.com\/emplacements\/\" data-type=\"page\" data-id=\"889\">Campingpl\u00e4tzen<\/a> an.<\/p>\n<\/div><\/div>\n<\/div>\n\n\n\n<div class=\"wp-block-column is-vertically-aligned-center mob--order\">\n<div class=\"wp-block-columns\">\n<div class=\"wp-block-column is-vertically-aligned-center inter--display\">\n<figure class=\"wp-block-gallery has-nested-images columns-1 is-cropped\">\n<figure class=\"wp-block-image size-full\"><img width=\"1024\" height=\"768\" src=\"https:\/\/www.camping-lechampneuf.com\/wp-content\/uploads\/2023\/01\/location-3chambres-somme-1024x768-1.jpg\" alt=\"\" class=\"wp-image-879\" srcset=\"https:\/\/www.camping-lechampneuf.com\/wp-content\/uploads\/2023\/01\/location-3chambres-somme-1024x768-1.jpg 1024w, https:\/\/www.camping-lechampneuf.com\/wp-content\/uploads\/2023\/01\/location-3chambres-somme-1024x768-1-300x225.jpg 300w, https:\/\/www.camping-lechampneuf.com\/wp-content\/uploads\/2023\/01\/location-3chambres-somme-1024x768-1-768x576.jpg 768w\" sizes=\"(max-width: 1024px) 100vw, 1024px\" \/><\/figure>\n\n\n\n<figure class=\"wp-block-image size-full mob--display\"><img width=\"640\" height=\"400\" src=\"https:\/\/www.camping-lechampneuf.com\/wp-content\/uploads\/2023\/01\/IMG_8656.jpg\" alt=\"\" class=\"wp-image-2180\" title=\"\" srcset=\"https:\/\/www.camping-lechampneuf.com\/wp-content\/uploads\/2023\/01\/IMG_8656.jpg 640w, https:\/\/www.camping-lechampneuf.com\/wp-content\/uploads\/2023\/01\/IMG_8656-300x188.jpg 300w\" sizes=\"(max-width: 640px) 100vw, 640px\" \/><\/figure>\n<\/figure>\n<\/div>\n\n\n\n<div class=\"wp-block-column is-vertically-aligned-center\">\n<figure class=\"wp-block-gallery has-nested-images columns-1 is-cropped mob--display\">\n<figure class=\"wp-block-image size-large\"><img width=\"1024\" height=\"768\" src=\"https:\/\/www.camping-lechampneuf.com\/wp-content\/uploads\/2023\/01\/IMG_0199-1-1024x768.jpg\" alt=\"\" class=\"wp-image-1198\" srcset=\"https:\/\/www.camping-lechampneuf.com\/wp-content\/uploads\/2023\/01\/IMG_0199-1-1024x768.jpg 1024w, https:\/\/www.camping-lechampneuf.com\/wp-content\/uploads\/2023\/01\/IMG_0199-1-300x225.jpg 300w, https:\/\/www.camping-lechampneuf.com\/wp-content\/uploads\/2023\/01\/IMG_0199-1-768x576.jpg 768w, https:\/\/www.camping-lechampneuf.com\/wp-content\/uploads\/2023\/01\/IMG_0199-1-1536x1152.jpg 1536w, https:\/\/www.camping-lechampneuf.com\/wp-content\/uploads\/2023\/01\/IMG_0199-1-2048x1536.jpg 2048w\" sizes=\"(max-width: 1024px) 100vw, 1024px\" \/><\/figure>\n\n\n\n<figure class=\"wp-block-image size-full\"><img width=\"900\" height=\"675\" src=\"https:\/\/www.camping-lechampneuf.com\/wp-content\/uploads\/2023\/01\/mobil-home-2chambres.jpg\" alt=\"\" class=\"wp-image-875\" srcset=\"https:\/\/www.camping-lechampneuf.com\/wp-content\/uploads\/2023\/01\/mobil-home-2chambres.jpg 900w, https:\/\/www.camping-lechampneuf.com\/wp-content\/uploads\/2023\/01\/mobil-home-2chambres-300x225.jpg 300w, https:\/\/www.camping-lechampneuf.com\/wp-content\/uploads\/2023\/01\/mobil-home-2chambres-768x576.jpg 768w\" sizes=\"(max-width: 900px) 100vw, 900px\" \/><\/figure>\n\n\n\n<figure class=\"wp-block-image size-large\"><img width=\"1024\" height=\"576\" src=\"https:\/\/www.camping-lechampneuf.com\/wp-content\/uploads\/2023\/01\/vlcsnap-2017-12-13-13h26m19s230-1024x576.jpg\" alt=\"\" class=\"wp-image-1194\" srcset=\"https:\/\/www.camping-lechampneuf.com\/wp-content\/uploads\/2023\/01\/vlcsnap-2017-12-13-13h26m19s230-1024x576.jpg 1024w, https:\/\/www.camping-lechampneuf.com\/wp-content\/uploads\/2023\/01\/vlcsnap-2017-12-13-13h26m19s230-300x169.jpg 300w, https:\/\/www.camping-lechampneuf.com\/wp-content\/uploads\/2023\/01\/vlcsnap-2017-12-13-13h26m19s230-768x432.jpg 768w, https:\/\/www.camping-lechampneuf.com\/wp-content\/uploads\/2023\/01\/vlcsnap-2017-12-13-13h26m19s230-1536x864.jpg 1536w, https:\/\/www.camping-lechampneuf.com\/wp-content\/uploads\/2023\/01\/vlcsnap-2017-12-13-13h26m19s230.jpg 1920w\" sizes=\"(max-width: 1024px) 100vw, 1024px\" \/><\/figure>\n<\/figure>\n<\/div>\n<\/div>\n<\/div>\n<\/div>\n\n<div class=\"wp-block-columns B-20 B-20-b\" style=\"padding-top:100px;padding-right:100px;padding-bottom:100px;padding-left:100px\">\n<div class=\"wp-block-column is-vertically-aligned-center\" style=\"flex-basis:60%\">\n<figure class=\"wp-block-gallery has-nested-images columns-4 is-cropped diaporama--2\">\n<figure class=\"wp-block-image size-full\"><img width=\"630\" height=\"473\" src=\"https:\/\/www.camping-lechampneuf.com\/wp-content\/uploads\/2024\/03\/MH-VIP.webp\" alt=\"\" class=\"wp-image-3422\" srcset=\"https:\/\/www.camping-lechampneuf.com\/wp-content\/uploads\/2024\/03\/MH-VIP.webp 630w, https:\/\/www.camping-lechampneuf.com\/wp-content\/uploads\/2024\/03\/MH-VIP-300x225.webp 300w\" sizes=\"(max-width: 630px) 100vw, 630px\" \/><\/figure>\n\n\n\n<figure class=\"wp-block-image size-full\"><img width=\"630\" height=\"473\" src=\"https:\/\/www.camping-lechampneuf.com\/wp-content\/uploads\/2024\/03\/MH-VIP2.webp\" alt=\"\" class=\"wp-image-3436\" srcset=\"https:\/\/www.camping-lechampneuf.com\/wp-content\/uploads\/2024\/03\/MH-VIP2.webp 630w, https:\/\/www.camping-lechampneuf.com\/wp-content\/uploads\/2024\/03\/MH-VIP2-300x225.webp 300w\" sizes=\"(max-width: 630px) 100vw, 630px\" \/><\/figure>\n\n\n\n<figure class=\"wp-block-image size-full\"><img width=\"630\" height=\"646\" src=\"https:\/\/www.camping-lechampneuf.com\/wp-content\/uploads\/2024\/03\/MH-VIP3.webp\" alt=\"\" class=\"wp-image-3440\" srcset=\"https:\/\/www.camping-lechampneuf.com\/wp-content\/uploads\/2024\/03\/MH-VIP3.webp 630w, https:\/\/www.camping-lechampneuf.com\/wp-content\/uploads\/2024\/03\/MH-VIP3-293x300.webp 293w\" sizes=\"(max-width: 630px) 100vw, 630px\" \/><\/figure>\n<\/figure>\n<\/div>\n\n\n\n<div class=\"wp-block-column is-vertically-aligned-center\">\n<p class=\"titre\">Gro\u00dfer Luxus<\/p>\n\n\n\n<h3 class=\"h1\" id=\"passez-des-vacances-dans-un-mobil-home-avec-spa-pres-de-fort-mahon\">Verbringen Sie Ihren Urlaub in einem Mobilheim mit Whirlpool in der N\u00e4he von Fort Mahon<\/h3>\n\n\n\n<p>Unser VIP-Mobilheim bietet ein luxuri\u00f6ses Erlebnis mit einer gro\u00dfen \u00fcberdachten Terrasse und einem privaten Spa und wurde f\u00fcr Ihr Wohlbefinden entworfen. Mit seinen 40m\u00b2 bietet es Ihnen allen Komfort, den Sie f\u00fcr einen unvergesslichen Urlaub ben\u00f6tigen. <\/p>\n\n\n\n<p>Die gro\u00dfe, voll ausgestattete K\u00fcche beinhaltet einen Geschirrsp\u00fcler, einen Backofen, eine Mikrowelle und eine Kaffeemaschine, sodass Sie k\u00f6stliche Mahlzeiten mit der Familie oder Freunden zubereiten k\u00f6nnen. F\u00fcr noch mehr Komfort werden die Betten bei Ihrer Ankunft gemacht. Bei Sommerhitze entscheiden Sie sich f\u00fcr die Option Klimaanlage, um f\u00fcr optimale K\u00fchle zu sorgen.<\/p>\n\n\n\n<p>Buchen Sie jetzt Ihren Aufenthalt in unserem VIP-Mobilheim mit Spa und bereiten Sie sich auf einen au\u00dfergew\u00f6hnlichen Urlaub auf dem Campingplatz Le Champ Neuf vor!<\/p>\n\n\n\n<div class=\"wp-container-69f410a42cf43 wp-block-buttons\">\n<div class=\"wp-block-button btn_resa_loc\"><a class=\"wp-block-button__link has-background\" style=\"background-color:#b1e0a8\"><i class=\"fa-light fa-calendar\"><\/i>  Buchen Sie schnell!<\/a><\/div>\n<\/div>\n\n\n\n<p class=\"has-small-font-size\">*Fotos nicht vertraglich bindend<\/p>\n<\/div>\n<\/div>\n\n<div class=\"wp-block-columns alignfull B-20 deco--vague-2 has-bleu-clair-background-color has-background\">\n<div class=\"wp-block-column\">\n<p class=\"has-text-align-left titre\">Ungew\u00f6hnlich<\/p>\n\n\n\n<h2 class=\"h1\" id=\"des-cabadiennes-au-camping-le-champ-neuf-1\">Kabadische Frauen auf dem Campingplatz Le Champ Neuf<\/h2>\n\n\n\n<p>Entdecken Sie unsere ungew\u00f6hnliche Unterkunft: die &#8222;Cabadienne&#8220;! Diese atypische H\u00fctte f\u00fcr 2 Personen bietet eine gem\u00fctliche und warme Atmosph\u00e4re mit einer halb\u00fcberdachten Terrasse.<\/p>\n\n\n\n<p>Diese komfortable Unterkunft mit 7 m\u00b2 ist mit Strom ausgestattet. Bettdecken, Kopfkissen und Matratzenschoner werden bereitgestellt. Es besteht die M\u00f6glichkeit, Einwegbettw\u00e4sche (11\u20ac pro Set) vor Ort zu kaufen oder die Option <strong>Betten sind bei Ankunft gemacht<\/strong> (15\u20ac pro Bett). F\u00fcr noch mehr Komfort nehmen Sie die Option <strong>Handt\u00fccher<\/strong> (12\u20ac pro Person).<\/p>\n\n\n\n<p>Tisch, St\u00fchle, kleines Geschirr und Wasserkocher sind inklusive. Ein Parkplatz steht neben Ihrer Cabadienne zur Verf\u00fcgung, um Ihnen das Leben zu erleichtern.<\/p>\n\n\n\n<p>Genie\u00dfen Sie ein einzigartiges Erlebnis! Buchen Sie jetzt Ihren Aufenthalt in der Cabadienne.<\/p>\n\n\n\n<div class=\"wp-container-69f410a42d4ef wp-block-buttons\">\n<div class=\"wp-block-button btn_resa_loc\"><a class=\"wp-block-button__link has-background\" style=\"background-color:#b1e0a8\"><i class=\"fa-light fa-calendar\"><\/i>  Buchen Sie schnell!<\/a><\/div>\n<\/div>\n<\/div>\n\n\n\n<div class=\"wp-block-column is-vertically-aligned-center\" style=\"flex-basis:60%\">\n<figure class=\"wp-block-gallery has-nested-images columns-4 is-cropped diaporama--2\">\n<figure class=\"wp-block-image size-large\"><img width=\"1024\" height=\"768\" src=\"https:\/\/www.camping-lechampneuf.com\/wp-content\/uploads\/2023\/06\/image00005-1024x768.jpeg\" alt=\"\" class=\"wp-image-2654\" srcset=\"https:\/\/www.camping-lechampneuf.com\/wp-content\/uploads\/2023\/06\/image00005-1024x768.jpeg 1024w, https:\/\/www.camping-lechampneuf.com\/wp-content\/uploads\/2023\/06\/image00005-300x225.jpeg 300w, https:\/\/www.camping-lechampneuf.com\/wp-content\/uploads\/2023\/06\/image00005-768x576.jpeg 768w, https:\/\/www.camping-lechampneuf.com\/wp-content\/uploads\/2023\/06\/image00005-1536x1152.jpeg 1536w, https:\/\/www.camping-lechampneuf.com\/wp-content\/uploads\/2023\/06\/image00005-2048x1536.jpeg 2048w\" sizes=\"(max-width: 1024px) 100vw, 1024px\" \/><\/figure>\n\n\n\n<figure class=\"wp-block-image size-large\"><img width=\"1024\" height=\"768\" src=\"https:\/\/www.camping-lechampneuf.com\/wp-content\/uploads\/2023\/06\/image00006-1024x768.jpeg\" alt=\"\" class=\"wp-image-2658\" srcset=\"https:\/\/www.camping-lechampneuf.com\/wp-content\/uploads\/2023\/06\/image00006-1024x768.jpeg 1024w, https:\/\/www.camping-lechampneuf.com\/wp-content\/uploads\/2023\/06\/image00006-300x225.jpeg 300w, https:\/\/www.camping-lechampneuf.com\/wp-content\/uploads\/2023\/06\/image00006-768x576.jpeg 768w, https:\/\/www.camping-lechampneuf.com\/wp-content\/uploads\/2023\/06\/image00006-1536x1152.jpeg 1536w, https:\/\/www.camping-lechampneuf.com\/wp-content\/uploads\/2023\/06\/image00006-2048x1536.jpeg 2048w\" sizes=\"(max-width: 1024px) 100vw, 1024px\" \/><\/figure>\n\n\n\n<figure class=\"wp-block-image size-large\"><img width=\"1024\" height=\"768\" src=\"https:\/\/www.camping-lechampneuf.com\/wp-content\/uploads\/2023\/06\/image00001-1024x768.jpeg\" alt=\"\" class=\"wp-image-2638\" srcset=\"https:\/\/www.camping-lechampneuf.com\/wp-content\/uploads\/2023\/06\/image00001-1024x768.jpeg 1024w, https:\/\/www.camping-lechampneuf.com\/wp-content\/uploads\/2023\/06\/image00001-300x225.jpeg 300w, https:\/\/www.camping-lechampneuf.com\/wp-content\/uploads\/2023\/06\/image00001-768x576.jpeg 768w, https:\/\/www.camping-lechampneuf.com\/wp-content\/uploads\/2023\/06\/image00001-1536x1152.jpeg 1536w, https:\/\/www.camping-lechampneuf.com\/wp-content\/uploads\/2023\/06\/image00001-2048x1536.jpeg 2048w\" sizes=\"(max-width: 1024px) 100vw, 1024px\" \/><\/figure>\n\n\n\n<figure class=\"wp-block-image size-large\"><img width=\"1024\" height=\"768\" src=\"https:\/\/www.camping-lechampneuf.com\/wp-content\/uploads\/2023\/06\/image00007-1024x768.jpeg\" alt=\"\" class=\"wp-image-2662\" srcset=\"https:\/\/www.camping-lechampneuf.com\/wp-content\/uploads\/2023\/06\/image00007-1024x768.jpeg 1024w, https:\/\/www.camping-lechampneuf.com\/wp-content\/uploads\/2023\/06\/image00007-300x225.jpeg 300w, https:\/\/www.camping-lechampneuf.com\/wp-content\/uploads\/2023\/06\/image00007-768x576.jpeg 768w, https:\/\/www.camping-lechampneuf.com\/wp-content\/uploads\/2023\/06\/image00007-1536x1152.jpeg 1536w, https:\/\/www.camping-lechampneuf.com\/wp-content\/uploads\/2023\/06\/image00007-2048x1536.jpeg 2048w\" sizes=\"(max-width: 1024px) 100vw, 1024px\" \/><\/figure>\n<\/figure>\n<\/div>\n<\/div>\n\n<div class=\"wp-block-columns B-20 B-20-b\">\n<div class=\"wp-block-column is-vertically-aligned-center\" style=\"flex-basis:60%\">\n<p class=\"has-text-align-right h2\" id=\"locations-de-gites-dans-le-nord\">Ferienh\u00e4user f\u00fcr Ihren Familienurlaub mieten<\/p>\n\n\n\n<figure class=\"wp-block-gallery has-nested-images columns-2 is-cropped diaporama--2\">\n<figure class=\"wp-block-image size-large\"><img width=\"1024\" height=\"768\" src=\"https:\/\/www.camping-lechampneuf.com\/wp-content\/uploads\/2023\/01\/mobilhome-terrassecouverte-1024x768.jpg\" alt=\"\" class=\"wp-image-711\" srcset=\"https:\/\/www.camping-lechampneuf.com\/wp-content\/uploads\/2023\/01\/mobilhome-terrassecouverte-1024x768.jpg 1024w, https:\/\/www.camping-lechampneuf.com\/wp-content\/uploads\/2023\/01\/mobilhome-terrassecouverte-300x225.jpg 300w, https:\/\/www.camping-lechampneuf.com\/wp-content\/uploads\/2023\/01\/mobilhome-terrassecouverte-768x576.jpg 768w, https:\/\/www.camping-lechampneuf.com\/wp-content\/uploads\/2023\/01\/mobilhome-terrassecouverte-1536x1152.jpg 1536w, https:\/\/www.camping-lechampneuf.com\/wp-content\/uploads\/2023\/01\/mobilhome-terrassecouverte-2048x1536.jpg 2048w\" sizes=\"(max-width: 1024px) 100vw, 1024px\" \/><\/figure>\n\n\n\n<figure class=\"wp-block-image size-large\"><img width=\"1024\" height=\"576\" src=\"https:\/\/www.camping-lechampneuf.com\/wp-content\/uploads\/2023\/01\/vlcsnap-2017-12-13-13h26m36s450-1024x576.jpg\" alt=\"\" class=\"wp-image-1190\" srcset=\"https:\/\/www.camping-lechampneuf.com\/wp-content\/uploads\/2023\/01\/vlcsnap-2017-12-13-13h26m36s450-1024x576.jpg 1024w, https:\/\/www.camping-lechampneuf.com\/wp-content\/uploads\/2023\/01\/vlcsnap-2017-12-13-13h26m36s450-300x169.jpg 300w, https:\/\/www.camping-lechampneuf.com\/wp-content\/uploads\/2023\/01\/vlcsnap-2017-12-13-13h26m36s450-768x432.jpg 768w, https:\/\/www.camping-lechampneuf.com\/wp-content\/uploads\/2023\/01\/vlcsnap-2017-12-13-13h26m36s450-1536x864.jpg 1536w, https:\/\/www.camping-lechampneuf.com\/wp-content\/uploads\/2023\/01\/vlcsnap-2017-12-13-13h26m36s450.jpg 1920w\" sizes=\"(max-width: 1024px) 100vw, 1024px\" \/><\/figure>\n\n\n\n<figure class=\"wp-block-image size-full\"><img width=\"1024\" height=\"686\" src=\"https:\/\/www.camping-lechampneuf.com\/wp-content\/uploads\/2023\/01\/imgp0523_2000-1024x686-1.jpg\" alt=\"\" class=\"wp-image-719\" srcset=\"https:\/\/www.camping-lechampneuf.com\/wp-content\/uploads\/2023\/01\/imgp0523_2000-1024x686-1.jpg 1024w, https:\/\/www.camping-lechampneuf.com\/wp-content\/uploads\/2023\/01\/imgp0523_2000-1024x686-1-300x201.jpg 300w, https:\/\/www.camping-lechampneuf.com\/wp-content\/uploads\/2023\/01\/imgp0523_2000-1024x686-1-768x515.jpg 768w\" sizes=\"(max-width: 1024px) 100vw, 1024px\" \/><\/figure>\n\n\n\n<figure class=\"wp-block-image size-large\"><img width=\"1024\" height=\"768\" src=\"https:\/\/www.camping-lechampneuf.com\/wp-content\/uploads\/2023\/01\/00000371065-1024x768.webp\" alt=\"\" class=\"wp-image-1186\" srcset=\"https:\/\/www.camping-lechampneuf.com\/wp-content\/uploads\/2023\/01\/00000371065-1024x768.webp 1024w, https:\/\/www.camping-lechampneuf.com\/wp-content\/uploads\/2023\/01\/00000371065-300x225.webp 300w, https:\/\/www.camping-lechampneuf.com\/wp-content\/uploads\/2023\/01\/00000371065-768x576.webp 768w, https:\/\/www.camping-lechampneuf.com\/wp-content\/uploads\/2023\/01\/00000371065.webp 1176w\" sizes=\"(max-width: 1024px) 100vw, 1024px\" \/><\/figure>\n\n\n\n<figure class=\"wp-block-image size-full\"><img width=\"900\" height=\"601\" src=\"https:\/\/www.camping-lechampneuf.com\/wp-content\/uploads\/2023\/01\/mobil-home-pmr.jpg\" alt=\"\" class=\"wp-image-856\" srcset=\"https:\/\/www.camping-lechampneuf.com\/wp-content\/uploads\/2023\/01\/mobil-home-pmr.jpg 900w, https:\/\/www.camping-lechampneuf.com\/wp-content\/uploads\/2023\/01\/mobil-home-pmr-300x200.jpg 300w, https:\/\/www.camping-lechampneuf.com\/wp-content\/uploads\/2023\/01\/mobil-home-pmr-768x513.jpg 768w\" sizes=\"(max-width: 900px) 100vw, 900px\" \/><\/figure>\n<\/figure>\n\n\n\n<div class=\"wp-container-69f410a42dd41 wp-block-group\"><div class=\"wp-block-group__inner-container\">\n<h3 class=\"h1\" id=\"la-laverie\">N\u00fctzliche Informationen<\/h3>\n\n\n\n<p>Der Restbetrag f\u00fcr Ihren Aufenthalt ist vierzehn Tage vor Ihrer Ankunft zu zahlen.<\/p>\n\n\n\n<p><strong>Die Fotos der Mobilheime dienen der Veranschaulichung und als Beispiel. F\u00fcr weitere Informationen \u00fcber die Anordnung der R\u00e4ume k\u00f6nnen Sie uns gerne kontaktieren.<\/strong><\/p>\n<\/div><\/div>\n<\/div>\n\n\n\n<div class=\"wp-block-column is-vertically-aligned-center\">\n<p class=\"titre\">Die Zusatzinfos<\/p>\n\n\n\n<h2 class=\"h1\" id=\"qu-est-ce-que-comprend-le-prix-de-la-location-du-mobil-home-ou-du-chalet-1\">Was ist im Mietpreis des Mobilheims oder Chalets enthalten?<\/h2>\n\n\n\n<p>Der Mietpreis beinhaltet den Zugang zum <a href=\"https:\/\/www.camping-lechampneuf.com\/de\/wasserraum\/\" data-type=\"page\" data-id=\"908\">Schwimmbad<\/a>, zum Tennisplatz, zum Multisportfeld, zum Spielplatz, zur Tischtennisplatte, zu aufblasbaren Spielen und zu den verschiedenen Aktivit\u00e4ten des Campingplatzes.<\/p>\n\n\n\n<div class=\"wp-block-group lire-plus-mobile\"><div class=\"wp-block-group__inner-container\">\n<p>Lesen Sie mehr<\/p>\n\n\n\n<div class=\"wp-container-69f410a42e334 wp-block-group\"><div class=\"wp-block-group__inner-container\">\n<p>Die Kurtaxe sowie die verschiedenen Nebenkosten f\u00fcr Wasser, Strom und Gas sind im Preis inbegriffen. Bettdecken und Kopfkissen werden in den Mobilheimen und Chalets bereitgestellt. Denken Sie bei Ihrem Aufenthalt in einem Mobilheim Baie de Somme <strong>daran, Bettw\u00e4sche, Kopfkissenbez\u00fcge, Geschirrt\u00fccher und Handt\u00fccher mitzubringen<\/strong>.<\/p>\n\n\n\n<p>Wir vermieten Babybetten, Hochst\u00fchle (je nach Verf\u00fcgbarkeit, eine Reservierung ist ratsam).<\/p>\n\n\n\n<p>F\u00fcr Ihr Mobilheim Baie de Somme m\u00fcssen Sie bei Ihrer Ankunft eine Kaution von 200 \u20ac sowie eine Kaution von 70 \u20ac oder 80 \u20ac f\u00fcr die Endreinigung hinterlegen.<\/p>\n\n\n\n<p>Die Mobilheime verf\u00fcgen \u00fcber eine Holzterrasse, Gartenm\u00f6bel, eine Sonnenliege und einen Sonnenschirm. Die Chalets verf\u00fcgen \u00fcber Gartenm\u00f6bel, eine Sonnenliege und einen Sonnenschirm. Unsere Mietunterk\u00fcnfte verf\u00fcgen \u00fcber ein ausziehbares Zusatzbett im Wohnzimmer. Wir stellen Ihnen auf Anfrage an der Rezeption Grills zur Verf\u00fcgung.<\/p>\n<\/div><\/div>\n<\/div><\/div>\n<\/div>\n<\/div>\n","protected":false},"excerpt":{"rendered":"<p>Komfort Vermietung von Chalets und Mobilheimen in der Sommebucht in der N\u00e4he von Fort Mahon Die vermietung eines mobilheims in der bucht von somme am 4-Sterne-Campingplatz Le Champ Neuf k\u00f6nnen Sie einen sch\u00f6nen Urlaub mit allem, was Sie brauchen, verbringen. Komfort, wie zu Hause, aber inmitten der Natur, nur wenige Schritte vom parc du Marquenterre [&hellip;]<\/p>\n","protected":false},"author":1,"featured_media":0,"parent":0,"menu_order":0,"comment_status":"closed","ping_status":"closed","template":"","meta":[],"acf":[],"_links":{"self":[{"href":"https:\/\/www.camping-lechampneuf.com\/de\/wp-json\/wp\/v2\/pages\/1773"}],"collection":[{"href":"https:\/\/www.camping-lechampneuf.com\/de\/wp-json\/wp\/v2\/pages"}],"about":[{"href":"https:\/\/www.camping-lechampneuf.com\/de\/wp-json\/wp\/v2\/types\/page"}],"author":[{"embeddable":true,"href":"https:\/\/www.camping-lechampneuf.com\/de\/wp-json\/wp\/v2\/users\/1"}],"replies":[{"embeddable":true,"href":"https:\/\/www.camping-lechampneuf.com\/de\/wp-json\/wp\/v2\/comments?post=1773"}],"version-history":[{"count":6,"href":"https:\/\/www.camping-lechampneuf.com\/de\/wp-json\/wp\/v2\/pages\/1773\/revisions"}],"predecessor-version":[{"id":3451,"href":"https:\/\/www.camping-lechampneuf.com\/de\/wp-json\/wp\/v2\/pages\/1773\/revisions\/3451"}],"wp:attachment":[{"href":"https:\/\/www.camping-lechampneuf.com\/de\/wp-json\/wp\/v2\/media?parent=1773"}],"curies":[{"name":"wp","href":"https:\/\/api.w.org\/{rel}","templated":true}]}}