{"id":1789,"date":"2023-01-26T10:46:33","date_gmt":"2023-01-26T09:46:33","guid":{"rendered":"https:\/\/www.camping-lechampneuf.com\/dienste\/"},"modified":"2026-02-11T12:10:23","modified_gmt":"2026-02-11T11:10:23","slug":"dienste","status":"publish","type":"page","link":"https:\/\/www.camping-lechampneuf.com\/de\/dienste\/","title":{"rendered":"Dienste"},"content":{"rendered":"\n<div class=\"wp-block-cover alignfull is-light banniere-logo deco--vague\"><span aria-hidden=\"true\" class=\"has-background-dim-0 wp-block-cover__gradient-background has-background-dim\"><\/span><img width=\"1920\" height=\"1080\" class=\"wp-block-cover__image-background wp-image-1317\" alt=\"\" src=\"https:\/\/www.camping-lechampneuf.com\/wp-content\/uploads\/2023\/01\/vlcsnap-2017-12-13-13h28m12s641-1.jpg\" style=\"object-position:44% 26%\" data-object-fit=\"cover\" data-object-position=\"44% 26%\" srcset=\"https:\/\/www.camping-lechampneuf.com\/wp-content\/uploads\/2023\/01\/vlcsnap-2017-12-13-13h28m12s641-1.jpg 1920w, https:\/\/www.camping-lechampneuf.com\/wp-content\/uploads\/2023\/01\/vlcsnap-2017-12-13-13h28m12s641-1-300x169.jpg 300w, https:\/\/www.camping-lechampneuf.com\/wp-content\/uploads\/2023\/01\/vlcsnap-2017-12-13-13h28m12s641-1-1024x576.jpg 1024w, https:\/\/www.camping-lechampneuf.com\/wp-content\/uploads\/2023\/01\/vlcsnap-2017-12-13-13h28m12s641-1-768x432.jpg 768w, https:\/\/www.camping-lechampneuf.com\/wp-content\/uploads\/2023\/01\/vlcsnap-2017-12-13-13h28m12s641-1-1536x864.jpg 1536w\" sizes=\"(max-width: 1920px) 100vw, 1920px\" \/><div class=\"wp-block-cover__inner-container\">\n<p class=\"has-text-align-center has-large-font-size\"><\/p>\n<\/div><\/div>\n\n\n\n<div class=\"wp-block-columns B-05\">\n<div class=\"wp-block-column mob--display inter--opacity inter--absolute\" style=\"flex-basis:25%\">\n<figure class=\"wp-block-image size-full is-resized feuille\"><img src=\"https:\/\/www.camping-lechampneuf.com\/wp-content\/uploads\/2023\/01\/feuille-2.png\" alt=\"\" class=\"wp-image-560\" width=\"181\" height=\"294\"\/><\/figure>\n<\/div>\n\n\n\n<div class=\"wp-block-column inter--padding-06\">\n<p class=\"has-text-align-center titre\">garantierter Komfort<\/p>\n\n\n\n<h1 class=\"has-text-align-center\" id=\"des-services-de-qualite-pendant-vos-vacances-au-camping-4-etoiles-en-baie-de-somme\">Qualitativ hochwertige Dienstleistungen w\u00e4hrend Ihres Urlaubs auf dem 4-Sterne-Campingplatz in der Somme-Bucht<\/h1>\n\n\n\n<p class=\"has-text-align-center\">Damit Sie einen angenehmen Aufenthalt in Saint-Quentin-en-Tourmont genie\u00dfen k\u00f6nnen, bietet Ihnen Le Champ Neuf, ein <strong>4-Sterne-Campingplatz in der Baie de Somme<\/strong>, eine Vielzahl von Dienstleistungen, die Ihnen die Organisation Ihres Urlaubs vor Ort erleichtern werden.<\/p>\n\n\n\n<div class=\"wp-container-69f413cfd2baa wp-block-buttons\">\n<div class=\"wp-block-button btn_resa\"><a class=\"wp-block-button__link\"><i class=\"fa-light fa-calendar\"><\/i>  Jetzt buchen<\/a><\/div>\n<\/div>\n<\/div>\n\n\n\n<div class=\"wp-block-column is-vertically-aligned-bottom mob--opacity mob--absolute inter--display\" style=\"flex-basis:25%\">\n<figure class=\"wp-block-image size-full feuille\"><img width=\"181\" height=\"271\" src=\"https:\/\/www.camping-lechampneuf.com\/wp-content\/uploads\/2023\/01\/feuille-1.png\" alt=\"\" class=\"wp-image-564\"\/><\/figure>\n<\/div>\n<\/div>\n\n\n\n<div class=\"wp-block-columns alignfull are-vertically-aligned-center B-10 deco--vague-3 has-bleu-clair-background-color has-background\">\n<div class=\"wp-block-column is-vertically-aligned-center\">\n<div class=\"wp-container-69f413cfd2f73 wp-block-group\"><div class=\"wp-block-group__inner-container\">\n<h2 class=\"h1\" id=\"l-epicerie-le-depot-de-pain\">Der Lebensmittelladen &#8211; Die Brotverkaufsstelle<\/h2>\n\n\n\n<p>Jeden Morgen ab 8:30 Uhr bietet Ihnen der Campingplatz frisches Brot sowie Geb\u00e4ck an. Das Brot muss am Vortag bis 17 Uhr bestellt werden.<\/p>\n\n\n\n<p>In unserem kleinen Lebensmittelgesch\u00e4ft k\u00f6nnen Sie einige Eink\u00e4ufe t\u00e4tigen: Lebensmittel und Hygieneartikel des t\u00e4glichen Bedarfs, einige regionale Produkte, Eis, kalte Getr\u00e4nke, Einfrieren von Eisbl\u00f6cken f\u00fcr Ihre K\u00fchlboxen, Gas, Wasch- und Trockenmarken, Waschmitteldosierungen&#8230;<\/p>\n<\/div><\/div>\n\n\n\n<div class=\"wp-container-69f413cfd3626 wp-block-group\"><div class=\"wp-block-group__inner-container\">\n<h2 class=\"h1\" id=\"la-friterie-le-bar\">Bar &#8211; Brauerei<\/h2>\n\n\n\n<p>\u201eLa Tabl\u00e9e du Champ Neuf\u201c hei\u00dft Sie vom 1. April bis 2. November 2025 willkommen. Es stehen zahlreiche Gerichte zum Probieren bereit \u2026 Die unverzichtbaren Muscheln und Pommes, Pizza, Burger, Croque-Monsieur, Salate, verschiedene Fleischgerichte \u2026<\/p>\n\n\n\n<p>Das Mitnehmen ist m\u00f6glich. Das Restaurant ist f\u00fcr alle ge\u00f6ffnet.<\/p>\n\n\n\n<p>La Tabl\u00e9e du Champ Neuf bietet auch Fr\u00fchst\u00fcck, Halbpension und Vollpension an.<\/p>\n\n\n\n<div class=\"wp-container-69f413cfd3307 wp-block-buttons\">\n<div class=\"wp-block-button\"><a class=\"wp-block-button__link\" href=\"https:\/\/www.camping-lechampneuf.com\/wp-content\/uploads\/2026\/02\/horaire-2026.pdf\" target=\"_blank\" rel=\"noreferrer noopener\"><i class=\"fa-light fa-arrow-right\"><\/i>  \u00d6ffnungszeiten des Restaurants<\/a><\/div>\n<\/div>\n<\/div><\/div>\n\n\n\n<div class=\"wp-container-69f413cfd39ad wp-block-group\"><div class=\"wp-block-group__inner-container\">\n<h2 class=\"h1\" id=\"la-friterie-le-bar\">Die ambulanten H\u00e4ndler<\/h2>\n\n\n\n<p>Verschiedene Stra\u00dfenh\u00e4ndler, die Schmuck oder handgefertigte Produkte verkaufen, lassen sich in der Hochsaison auf dem Campingplatz nieder.<\/p>\n<\/div><\/div>\n<\/div>\n\n\n\n<div class=\"wp-block-column is-vertically-aligned-center mob--order\">\n<div class=\"wp-block-columns\">\n<div class=\"wp-block-column is-vertically-aligned-center mob--display inter--display\">\n<figure class=\"wp-block-gallery has-nested-images columns-1 is-cropped\">\n<figure class=\"wp-block-image size-full\"><img width=\"1920\" height=\"1080\" src=\"https:\/\/www.camping-lechampneuf.com\/wp-content\/uploads\/2023\/01\/vlcsnap-2017-12-13-13h22m51s886-1.jpg\" alt=\"\" class=\"wp-image-778\" srcset=\"https:\/\/www.camping-lechampneuf.com\/wp-content\/uploads\/2023\/01\/vlcsnap-2017-12-13-13h22m51s886-1.jpg 1920w, https:\/\/www.camping-lechampneuf.com\/wp-content\/uploads\/2023\/01\/vlcsnap-2017-12-13-13h22m51s886-1-300x169.jpg 300w, https:\/\/www.camping-lechampneuf.com\/wp-content\/uploads\/2023\/01\/vlcsnap-2017-12-13-13h22m51s886-1-1024x576.jpg 1024w, https:\/\/www.camping-lechampneuf.com\/wp-content\/uploads\/2023\/01\/vlcsnap-2017-12-13-13h22m51s886-1-768x432.jpg 768w, https:\/\/www.camping-lechampneuf.com\/wp-content\/uploads\/2023\/01\/vlcsnap-2017-12-13-13h22m51s886-1-1536x864.jpg 1536w\" sizes=\"(max-width: 1920px) 100vw, 1920px\" \/><\/figure>\n\n\n\n<figure class=\"wp-block-image size-large\"><img width=\"1024\" height=\"576\" src=\"https:\/\/www.camping-lechampneuf.com\/wp-content\/uploads\/2023\/01\/billard-babyfoot-1024x576.jpg\" alt=\"\" class=\"wp-image-742\" srcset=\"https:\/\/www.camping-lechampneuf.com\/wp-content\/uploads\/2023\/01\/billard-babyfoot-1024x576.jpg 1024w, https:\/\/www.camping-lechampneuf.com\/wp-content\/uploads\/2023\/01\/billard-babyfoot-300x169.jpg 300w, https:\/\/www.camping-lechampneuf.com\/wp-content\/uploads\/2023\/01\/billard-babyfoot-768x432.jpg 768w, https:\/\/www.camping-lechampneuf.com\/wp-content\/uploads\/2023\/01\/billard-babyfoot-1536x864.jpg 1536w, https:\/\/www.camping-lechampneuf.com\/wp-content\/uploads\/2023\/01\/billard-babyfoot.jpg 1920w\" sizes=\"(max-width: 1024px) 100vw, 1024px\" \/><\/figure>\n<\/figure>\n<\/div>\n\n\n\n<div class=\"wp-block-column is-vertically-aligned-center\">\n<figure class=\"wp-block-gallery has-nested-images columns-1 is-cropped\">\n<figure class=\"wp-block-image size-full\"><img width=\"1920\" height=\"1080\" src=\"https:\/\/www.camping-lechampneuf.com\/wp-content\/uploads\/2023\/01\/epicerie.jpg\" alt=\"\" class=\"wp-image-617\" srcset=\"https:\/\/www.camping-lechampneuf.com\/wp-content\/uploads\/2023\/01\/epicerie.jpg 1920w, https:\/\/www.camping-lechampneuf.com\/wp-content\/uploads\/2023\/01\/epicerie-300x169.jpg 300w, https:\/\/www.camping-lechampneuf.com\/wp-content\/uploads\/2023\/01\/epicerie-1024x576.jpg 1024w, https:\/\/www.camping-lechampneuf.com\/wp-content\/uploads\/2023\/01\/epicerie-768x432.jpg 768w, https:\/\/www.camping-lechampneuf.com\/wp-content\/uploads\/2023\/01\/epicerie-1536x864.jpg 1536w\" sizes=\"(max-width: 1920px) 100vw, 1920px\" \/><\/figure>\n\n\n\n<figure class=\"wp-block-image size-full mob--display\"><img width=\"1920\" height=\"1080\" src=\"https:\/\/www.camping-lechampneuf.com\/wp-content\/uploads\/2023\/01\/vlcsnap-2017-12-13-13h23m19s513.jpg\" alt=\"\" class=\"wp-image-774\" srcset=\"https:\/\/www.camping-lechampneuf.com\/wp-content\/uploads\/2023\/01\/vlcsnap-2017-12-13-13h23m19s513.jpg 1920w, https:\/\/www.camping-lechampneuf.com\/wp-content\/uploads\/2023\/01\/vlcsnap-2017-12-13-13h23m19s513-300x169.jpg 300w, https:\/\/www.camping-lechampneuf.com\/wp-content\/uploads\/2023\/01\/vlcsnap-2017-12-13-13h23m19s513-1024x576.jpg 1024w, https:\/\/www.camping-lechampneuf.com\/wp-content\/uploads\/2023\/01\/vlcsnap-2017-12-13-13h23m19s513-768x432.jpg 768w, https:\/\/www.camping-lechampneuf.com\/wp-content\/uploads\/2023\/01\/vlcsnap-2017-12-13-13h23m19s513-1536x864.jpg 1536w\" sizes=\"(max-width: 1920px) 100vw, 1920px\" \/><\/figure>\n\n\n\n<figure class=\"wp-block-image size-full mob--display\"><img width=\"1000\" height=\"563\" src=\"https:\/\/www.camping-lechampneuf.com\/wp-content\/uploads\/2023\/01\/moules-campinglechampneuf-baiedesomme-gitesdumarquenterre.jpg\" alt=\"\" class=\"wp-image-770\" srcset=\"https:\/\/www.camping-lechampneuf.com\/wp-content\/uploads\/2023\/01\/moules-campinglechampneuf-baiedesomme-gitesdumarquenterre.jpg 1000w, https:\/\/www.camping-lechampneuf.com\/wp-content\/uploads\/2023\/01\/moules-campinglechampneuf-baiedesomme-gitesdumarquenterre-300x169.jpg 300w, https:\/\/www.camping-lechampneuf.com\/wp-content\/uploads\/2023\/01\/moules-campinglechampneuf-baiedesomme-gitesdumarquenterre-768x432.jpg 768w\" sizes=\"(max-width: 1000px) 100vw, 1000px\" \/><\/figure>\n<\/figure>\n<\/div>\n<\/div>\n<\/div>\n<\/div>\n\n\n\n<div class=\"wp-block-columns alignfull B-15\">\n<div class=\"wp-block-column is-vertically-aligned-center\" style=\"flex-basis:60%\">\n<figure class=\"wp-block-image size-full\"><img width=\"1920\" height=\"1080\" src=\"https:\/\/www.camping-lechampneuf.com\/wp-content\/uploads\/2023\/01\/reception.jpg\" alt=\"\" class=\"wp-image-625\" srcset=\"https:\/\/www.camping-lechampneuf.com\/wp-content\/uploads\/2023\/01\/reception.jpg 1920w, https:\/\/www.camping-lechampneuf.com\/wp-content\/uploads\/2023\/01\/reception-300x169.jpg 300w, https:\/\/www.camping-lechampneuf.com\/wp-content\/uploads\/2023\/01\/reception-1024x576.jpg 1024w, https:\/\/www.camping-lechampneuf.com\/wp-content\/uploads\/2023\/01\/reception-768x432.jpg 768w, https:\/\/www.camping-lechampneuf.com\/wp-content\/uploads\/2023\/01\/reception-1536x864.jpg 1536w\" sizes=\"(max-width: 1920px) 100vw, 1920px\" \/><\/figure>\n<\/div>\n\n\n\n<div class=\"wp-block-column is-vertically-aligned-center has-blanc-background-color has-background\">\n<h2 class=\"h1\" id=\"la-reception\">Der Empfang<\/h2>\n\n\n\n<p>Das Team des<strong> Campingplatzes Champ Neuf in der Baie de Somme<\/strong> steht Ihnen w\u00e4hrend Ihres gesamten Aufenthalts zur Verf\u00fcgung, um Ihre Anfragen zu beantworten und Sie zu beraten. Sie setzt ihre ganze Energie daf\u00fcr ein, Ihren Urlaub so angenehm wie m\u00f6glich zu gestalten.<\/p>\n\n\n\n<div class=\"wp-block-group lire-plus-mobile\"><div class=\"wp-block-group__inner-container\">\n<p>Lesen Sie mehr<\/p>\n\n\n\n<div class=\"wp-container-69f413cfd3f3c wp-block-group\"><div class=\"wp-block-group__inner-container\">\n<p>Alle Informationen \u00fcber Sehensw\u00fcrdigkeiten, Wanderungen, Sehensw\u00fcrdigkeiten in der Umgebung sind an der Rezeption erh\u00e4ltlich.<\/p>\n<\/div><\/div>\n<\/div><\/div>\n\n\n\n<p class=\"h3\">\u00d6ffnungszeiten der Anlaufstelle<\/p>\n\n\n\n<p><strong>Aprilferien (Zone B) \/ Allerheiligenferien<\/strong><br>Von 9.00 bis 12.30 Uhr und von 14.00 bis 18.30 Uhr<\/p>\n\n\n\n<p><strong>Osterwochenende \/ Wochenende Christi Himmelfahrt \/ Pfingstwochenende<\/strong><br>Von 9.00 bis 12.30 Uhr und von 14.00 bis 19.00 Uhr<\/p>\n\n\n\n<p><strong>Mittelsaison (April, Mai, Juni, September, Oktober)<\/strong><br>Von 9.00 bis 12.30 Uhr und von 14.00 bis 18.00 Uhr<\/p>\n\n\n\n<p><strong>Hochsaison (Juli und August)<\/strong><br>Von 9.00 bis 12.30 Uhr und von 14.00 bis 19.30 Uhr<\/p>\n\n\n\n<p><em><strong><u>Achtung<\/u>:<\/strong><br>Die Schlie\u00dfzeiten am Nachmittag k\u00f6nnen je nach Wochentag und Anreisetag variieren.<\/em><\/p>\n\n\n\n<p><br><\/p>\n\n\n\n<div class=\"wp-block-group lire-plus-pc\"><div class=\"wp-block-group__inner-container\">\n<p>Lesen Sie mehr<\/p>\n\n\n\n<div class=\"wp-container-69f413cfd4312 wp-block-group\"><div class=\"wp-block-group__inner-container\">\n<p>Akzeptierte Zahlungsarten: Bankkarte, Schecks, ANCV-Ferienschecks, Bargeld, Bank\u00fcberweisung, Postanweisung. Zugang Wifi-Verbindung von den <strong>\n  <a href=\"https:\/\/www.camping-lechampneuf.com\/emplacements\/\" data-type=\"page\" data-id=\"889\">Stellpl\u00e4tze des Campingplatzes <\/a>\n<\/strong>(2\u20ac pro Tag, 4\u20ac f\u00fcr 2 Tage, 6\u20ac f\u00fcr 3 Tage, 7\u20ac f\u00fcr 4 Tage, 10\u20ac pro Woche&#8230;)<\/p>\n<\/div><\/div>\n<\/div><\/div>\n<\/div>\n<\/div>\n\n\n\n<div class=\"wp-container-69f413cfd5723 wp-block-group\"><div class=\"wp-block-group__inner-container\">\n<div class=\"wp-block-columns\">\n<div class=\"wp-block-column\">\n<div class=\"wp-container-69f413cfd46ad wp-block-group pictos\">\n<i class=\"fa-light fa-horse\"><\/i>\n\n\n\n<h2 class=\"h1\" id=\"la-laverie\">Empfang von Pferden<\/h2>\n<\/div>\n\n\n\n<p>Aufnahme von Pferden auf der Weide f\u00fcr Reiter, die auf dem Campingplatz \u00fcbernachten, f\u00fcr 5\u20ac pro Pferd und Nacht. Sch\u00f6ne Ausritte sind auf den Wegen unserer Landschaft in der Bucht m\u00f6glich. Es wird jedoch empfohlen, sehr auf die Gezeitenzeiten in der Bucht zu achten. Wir haben die Gezeitenzeiten an der Rezeption zur Verf\u00fcgung.<\/p>\n<\/div>\n\n\n\n<div class=\"wp-block-column\">\n<div class=\"wp-container-69f413cfd49e4 wp-block-group pictos\">\n<i class=\"fa-light fa-caravan\"><\/i>\n\n\n\n<h2 class=\"h1\" id=\"la-laverie\">Garage f\u00fcr Wohnwagen<\/h2>\n<\/div>\n\n\n\n<p>Auf unserem <strong>4-Sterne-Campingplatz in der Baie de Somme<\/strong> bieten wir Ihnen die M\u00f6glichkeit, Ihre Wohnwagen oder Boote auf dem Campingplatz zu bewachen. Personen, die nicht mit ihrem Wohnwagen wieder abreisen m\u00f6chten, k\u00f6nnen ihn auf dem Campingplatz unter einem Geb\u00e4ude gesch\u00fctzt abstellen.<\/p>\n<\/div>\n\n\n\n<div class=\"wp-block-column\">\n<div class=\"wp-container-69f413cfd4d77 wp-block-group pictos\">\n<i class=\"fa-light fa-washing-machine\"><\/i>\n\n\n\n<h2 class=\"h1\" id=\"la-laverie\">Die W\u00e4scherei<\/h2>\n<\/div>\n\n\n\n<p>F\u00fcr Ihren Komfort stehen Ihnen 4 Waschmaschinen und 3 W\u00e4schetrockner sowie W\u00e4schebeh\u00e4lter zur Verf\u00fcgung. Wir stellen Ihnen auch B\u00fcgelbretter und B\u00fcgeleisen zur Verf\u00fcgung.<\/p>\n\n\n\n<p>Waschmaschinen (5\u20ac) und Trockner (3\u20ac) funktionieren mit M\u00fcnzen, die an der Rezeption erh\u00e4ltlich sind.<\/p>\n<\/div>\n<\/div>\n\n\n\n<div class=\"wp-block-columns\">\n<div class=\"wp-block-column\">\n<div class=\"wp-container-69f413cfd50c6 wp-block-group pictos\">\n<i class=\"fa-light fa-toilet\"><\/i>\n\n\n\n<h2 class=\"h1\" id=\"la-laverie\">Sanit\u00e4re Einrichtungen<\/h2>\n<\/div>\n\n\n\n<p>Wir bieten Ihnen vier gepflegte Sanit\u00e4ranlagen. Auch Babys haben ihren bevorzugten Bereich dank der beiden Babybadezimmer, die mit einem Wickelbereich und einer Babybadewanne ausgestattet sind.<\/p>\n\n\n\n<p>4 Sanit\u00e4ranlagen, von denen drei beheizt und behindertengerecht sind.<\/p>\n<\/div>\n\n\n\n<div class=\"wp-block-column\">\n<div class=\"wp-container-69f413cfd5413 wp-block-group pictos\">\n<i class=\"fa-light fa-circle-plus\"><\/i>\n\n\n\n<h2 class=\"h1\" id=\"la-laverie\">Verschiedene<\/h2>\n<\/div>\n\n\n\n<p>Babybetten und Hochst\u00fchle k\u00f6nnen gemietet werden (nur mit Reservierung und je nach Verf\u00fcgbarkeit). Verleih von Haartrocknern, B\u00fcgeleisen und Verleih von Tischtennis- oder Tennisausr\u00fcstung.<\/p>\n\n\n\n<p>Verleih von K\u00fchlschrank, Grill, Stuhl und Tisch auf den Stellpl\u00e4tzen.<\/p>\n<\/div>\n\n\n\n<div class=\"wp-block-column\"><\/div>\n<\/div>\n<\/div><\/div>\n\n\n\n<div class=\"wp-block-columns alignfull B-15 B-15-b\">\n<div class=\"wp-block-column is-vertically-aligned-center mob--order\" style=\"flex-basis:60%\">\n<h2 class=\"has-text-align-right\" id=\"informations-utiles-de-votre-camping-en-baie-de-somme\">N\u00fctzliche Informationen von Ihrem Campingplatz in der Baie de Somme<\/h2>\n\n\n\n<figure class=\"wp-block-image size-full\"><img width=\"1920\" height=\"1080\" src=\"https:\/\/www.camping-lechampneuf.com\/wp-content\/uploads\/2023\/01\/velos.jpg\" alt=\"\" class=\"wp-image-598\" srcset=\"https:\/\/www.camping-lechampneuf.com\/wp-content\/uploads\/2023\/01\/velos.jpg 1920w, https:\/\/www.camping-lechampneuf.com\/wp-content\/uploads\/2023\/01\/velos-300x169.jpg 300w, https:\/\/www.camping-lechampneuf.com\/wp-content\/uploads\/2023\/01\/velos-1024x576.jpg 1024w, https:\/\/www.camping-lechampneuf.com\/wp-content\/uploads\/2023\/01\/velos-768x432.jpg 768w, https:\/\/www.camping-lechampneuf.com\/wp-content\/uploads\/2023\/01\/velos-1536x864.jpg 1536w\" sizes=\"(max-width: 1920px) 100vw, 1920px\" \/><\/figure>\n<\/div>\n\n\n\n<div class=\"wp-block-column is-vertically-aligned-center has-blanc-background-color has-background\">\n<h2 class=\"h1\" id=\"les-promenades-a-velos\">Fahrradtouren<\/h2>\n\n\n\n<p>Das Fahrrad ist das ideale Transportmittel, um die <a href=\"https:\/\/www.camping-lechampneuf.com\/de\/alentours\/eisenbahn-der-somme-bucht\/\" data-type=\"alentours\" data-id=\"1083\">Baie de Somme<\/a> zu genie\u00dfen und ihre Landschaften wie die des nahe gelegenen <a href=\"https:\/\/www.camping-lechampneuf.com\/de\/alentours\/park-von-marquenterre\/\" data-type=\"alentours\" data-id=\"1074\">Parc du Marquenterre<\/a> zu entdecken.<\/p>\n\n\n\n<div class=\"wp-block-group lire-plus-mobile\"><div class=\"wp-block-group__inner-container\">\n<p>Lesen Sie mehr<\/p>\n\n\n\n<div class=\"wp-container-69f413cfd5b05 wp-block-group\"><div class=\"wp-block-group__inner-container\">\n<p>Sie k\u00f6nnen ganz entspannt auf dem Fahrradweg fahren, der sich am Eingang des  <strong>camping in Saint-Quentin-en-Tourmont<\/strong>  oder auf kleinen Stra\u00dfen, die reich an Entdeckungen \u00fcber Fauna und Flora, \u00fcber unser ausgedehntes D\u00fcnenmassiv, \u00fcber unsere h\u00fcbsche Landschaft mit ihren kleinen D\u00f6rfern sind&#8230; Es ist eine totale Abwechslung auf den verschiedenen &#8222;Entdeckungs&#8220;-Routen vom Norden bis zum S\u00fcden der Somme-Bucht. F\u00fcr Fotofreunde: Vergessen Sie Ihre Kamera nicht. Ein Wanderf\u00fchrer steht Ihnen am Empfang zur Verf\u00fcgung.<\/p>\n<\/div><\/div>\n<\/div><\/div>\n\n\n\n<div class=\"wp-container-69f413cfd5e15 wp-block-buttons\">\n<div class=\"wp-block-button\"><a class=\"wp-block-button__link\" href=\"https:\/\/www.camping-lechampneuf.com\/de\/umgebung\/\"><i class=\"fa-light fa-arrow-right\"><\/i>  Die Umgebung entdecken<\/a><\/div>\n<\/div>\n<\/div>\n<\/div>\n\n\n\n<div class=\"wp-block-columns\">\n<div class=\"wp-block-column\">\n<div class=\"wp-container-69f413cfd617b wp-block-group pictos\">\n<i class=\"fa-light fa-circle-info\"><\/i>\n\n\n\n<p class=\"h1\" id=\"la-laverie\">Die neuesten Nachrichten<\/p>\n<\/div>\n\n\n\n<p>Bei Ihrer Ankunft erhalten Sie einen Pass f\u00fcr die Eingangsschranke. Die Schranken werden nachts von 22:45 Uhr bis 8:00 Uhr morgens geschlossen, um zu verhindern, dass nachts auf dem Campingplatz Verkehr herrscht. Auf dem Campingplatz ist die Geschwindigkeit auf 10 km\/h begrenzt, da viele Kinder mit Fahrr\u00e4dern oder zu Fu\u00df unterwegs sind.<\/p>\n\n\n\n<div class=\"wp-block-group lire-plus-pc\"><div class=\"wp-block-group__inner-container\">\n<p>Lesen Sie mehr<\/p>\n\n\n\n<div class=\"wp-container-69f413cfd649c wp-block-group\"><div class=\"wp-block-group__inner-container\">\n<p>Das Tragen des Armbands ist w\u00e4hrend Ihres gesamten Aufenthalts dauerhaft vorgeschrieben. Er berechtigt zum Eintritt in den Pool&#8230; Er wird Ihnen bei Ihrer Ankunft ausgeh\u00e4ndigt. <strong>Badeshorts sind im Pool nicht erlaubt, Badeslips sind Pflicht<\/strong>.<\/p>\n\n\n\n<p>Unsere Freunde, die Hunde (au\u00dfer Hunde der 1. und 2. Kategorie), sind auf dem Campingplatz erlaubt. Sie m\u00fcssen an der Leine gehalten werden. Bitte begleiten Sie sie bei Bedarf nach drau\u00dfen und lassen Sie sie nicht allein auf dem Stellplatz zur\u00fcck. Bitte bringen Sie Ihren Impfpass mit.<\/p>\n<\/div><\/div>\n<\/div><\/div>\n<\/div>\n\n\n\n<div class=\"wp-block-column\">\n<div class=\"wp-container-69f413cfd67cc wp-block-group pictos\">\n<i class=\"fa-light fa-shop\"><\/i>\n\n\n\n<h2 class=\"h1\" id=\"la-laverie\">Gesch\u00e4fte und medizinische Fachkr\u00e4fte in der N\u00e4he<\/h2>\n<\/div>\n\n\n\n<p>Wir sind 7 km von der Stadt <strong>Saint-Quentin-en-Tourmont<\/strong> entfernt, wo sich Superm\u00e4rkte, verschiedene kleine Gesch\u00e4fte, Banken, die Post, \u00c4rzte, Apotheker, Physiotherapeuten, Zahn\u00e4rzte, Krankenschwestern, Tier\u00e4rzte, Treibstoff &#8230; Jeden Morgen k\u00f6nnen Sie auf den M\u00e4rkten in der Umgebung spazieren gehen. Wir werden es nicht vers\u00e4umen, Ihnen Restaurants in der Umgebung zu empfehlen.<\/p>\n<\/div>\n<\/div>\n","protected":false},"excerpt":{"rendered":"<p>garantierter Komfort Qualitativ hochwertige Dienstleistungen w\u00e4hrend Ihres Urlaubs auf dem 4-Sterne-Campingplatz in der Somme-Bucht Damit Sie einen angenehmen Aufenthalt in Saint-Quentin-en-Tourmont genie\u00dfen k\u00f6nnen, bietet Ihnen Le Champ Neuf, ein 4-Sterne-Campingplatz in der Baie de Somme, eine Vielzahl von Dienstleistungen, die Ihnen die Organisation Ihres Urlaubs vor Ort erleichtern werden. Der Lebensmittelladen &#8211; Die Brotverkaufsstelle Jeden [&hellip;]<\/p>\n","protected":false},"author":1,"featured_media":0,"parent":0,"menu_order":0,"comment_status":"closed","ping_status":"closed","template":"","meta":[],"acf":[],"_links":{"self":[{"href":"https:\/\/www.camping-lechampneuf.com\/de\/wp-json\/wp\/v2\/pages\/1789"}],"collection":[{"href":"https:\/\/www.camping-lechampneuf.com\/de\/wp-json\/wp\/v2\/pages"}],"about":[{"href":"https:\/\/www.camping-lechampneuf.com\/de\/wp-json\/wp\/v2\/types\/page"}],"author":[{"embeddable":true,"href":"https:\/\/www.camping-lechampneuf.com\/de\/wp-json\/wp\/v2\/users\/1"}],"replies":[{"embeddable":true,"href":"https:\/\/www.camping-lechampneuf.com\/de\/wp-json\/wp\/v2\/comments?post=1789"}],"version-history":[{"count":6,"href":"https:\/\/www.camping-lechampneuf.com\/de\/wp-json\/wp\/v2\/pages\/1789\/revisions"}],"predecessor-version":[{"id":5653,"href":"https:\/\/www.camping-lechampneuf.com\/de\/wp-json\/wp\/v2\/pages\/1789\/revisions\/5653"}],"wp:attachment":[{"href":"https:\/\/www.camping-lechampneuf.com\/de\/wp-json\/wp\/v2\/media?parent=1789"}],"curies":[{"name":"wp","href":"https:\/\/api.w.org\/{rel}","templated":true}]}}